{"id":58495,"date":"2014-06-16T11:10:04","date_gmt":"2014-06-16T11:10:04","guid":{"rendered":"https:\/\/davidlopezabogado.com\/equipo\/"},"modified":"2023-03-08T18:24:39","modified_gmt":"2023-03-08T18:24:39","slug":"advokatai","status":"publish","type":"page","link":"https:\/\/davidlopezabogado.com\/lt\/advokatai\/","title":{"rendered":"Advokatai"},"content":{"rendered":"<section class=\"wpb-content-wrapper\"><p>[vc_row css=&#8221;.vc_custom_1573386006934{padding-top: 50px !important;padding-bottom: 50px !important;}&#8221;][vc_column]<style type=\"text\/css\" data-type=\"the7_shortcodes-inline-css\">.dt-team-shortcode.team-masonry-shortcode-id-a3dcc5b361f3e7775b105b53ed8d24b5 .team-desc {\n  padding: 30px 30px 30px 30px;\n}\n.dt-team-shortcode.team-masonry-shortcode-id-a3dcc5b361f3e7775b105b53ed8d24b5 .team-author-name,\n.dt-team-shortcode.team-masonry-shortcode-id-a3dcc5b361f3e7775b105b53ed8d24b5 .team-author-name a {\n  margin-bottom: 0px;\n  font-weight: bold;\n}\n.dt-team-shortcode.team-masonry-shortcode-id-a3dcc5b361f3e7775b105b53ed8d24b5 .team-author p {\n  margin-bottom: 8px;\n  font-weight: bold;\n}\n.dt-team-shortcode.team-masonry-shortcode-id-a3dcc5b361f3e7775b105b53ed8d24b5  .team-media {\n  padding: 30px 30px 0px 30px;\n}\n.dt-team-shortcode.team-masonry-shortcode-id-a3dcc5b361f3e7775b105b53ed8d24b5  .team-media a,\n.dt-team-shortcode.team-masonry-shortcode-id-a3dcc5b361f3e7775b105b53ed8d24b5  .team-media > span,\n.dt-team-shortcode.team-masonry-shortcode-id-a3dcc5b361f3e7775b105b53ed8d24b5  .team-media img {\n  max-width: 200px;\n}\n.dt-team-shortcode.team-masonry-shortcode-id-a3dcc5b361f3e7775b105b53ed8d24b5 .dt-css-grid .team-media img {\n  width: 200px;\n  max-width: 100%;\n}\n.dt-team-shortcode.team-masonry-shortcode-id-a3dcc5b361f3e7775b105b53ed8d24b5 .team-content {\n  margin-bottom: 5px;\n}\n.dt-team-shortcode.team-masonry-shortcode-id-a3dcc5b361f3e7775b105b53ed8d24b5  .team-media,\n.dt-team-shortcode.team-masonry-shortcode-id-a3dcc5b361f3e7775b105b53ed8d24b5  .team-media a.rollover,\n.dt-team-shortcode.team-masonry-shortcode-id-a3dcc5b361f3e7775b105b53ed8d24b5  .team-media a.rollover *,\n.dt-team-shortcode.team-masonry-shortcode-id-a3dcc5b361f3e7775b105b53ed8d24b5  .team-media img {\n  border-radius: 500px;\n}\n.dt-team-shortcode.team-masonry-shortcode-id-a3dcc5b361f3e7775b105b53ed8d24b5 .soc-ico {\n  margin-bottom: 15px;\n}\n.dt-team-shortcode.team-masonry-shortcode-id-a3dcc5b361f3e7775b105b53ed8d24b5 .soc-ico a {\n  min-width: 28px;\n  min-height: 28px;\n  font-size: 16px;\n  border-radius: 100px;\n}\n.dt-team-shortcode.team-masonry-shortcode-id-a3dcc5b361f3e7775b105b53ed8d24b5 .soc-ico a:not(:last-child) {\n  margin-right: 6px;\n}\n.dt-team-shortcode.team-masonry-shortcode-id-a3dcc5b361f3e7775b105b53ed8d24b5 .soc-ico a:before,\n.dt-team-shortcode.team-masonry-shortcode-id-a3dcc5b361f3e7775b105b53ed8d24b5 .soc-ico a:after {\n  min-width: 28px;\n  min-height: 28px;\n  padding: inherit;\n}\n.dt-icon-border-on.dt-team-shortcode.team-masonry-shortcode-id-a3dcc5b361f3e7775b105b53ed8d24b5 .soc-ico a:before {\n  border: 0px solid transparent;\n}\n#main .dt-icon-bg-on.dt-team-shortcode.team-masonry-shortcode-id-a3dcc5b361f3e7775b105b53ed8d24b5 .soc-ico a:before {\n  background: rgba(0,0,0,0.07);\n  -webkit-box-shadow: none;\n  box-shadow: none;\n}\n.dt-team-shortcode.team-masonry-shortcode-id-a3dcc5b361f3e7775b105b53ed8d24b5 .soc-ico a:hover {\n  font-size: 16px;\n}\n#page .dt-team-shortcode.team-masonry-shortcode-id-a3dcc5b361f3e7775b105b53ed8d24b5 .soc-ico a:hover .soc-font-icon {\n  color: #ffffff;\n  background: none;\n}\n.dt-icon-border-hover-on.dt-team-shortcode.team-masonry-shortcode-id-a3dcc5b361f3e7775b105b53ed8d24b5 .soc-ico a:after {\n  border: 0px solid transparent;\n}\n#page .dt-team-shortcode.team-masonry-shortcode-id-a3dcc5b361f3e7775b105b53ed8d24b5 .soc-ico a:not(:hover) .soc-font-icon {\n  color: rgba(0,0,0,0.3);\n  background: none;\n}\n.dt-team-shortcode.team-masonry-shortcode-id-a3dcc5b361f3e7775b105b53ed8d24b5 .soc-ico a .soc-font-icon {\n  font-size: 16px;\n}\n.dt-team-shortcode.team-masonry-shortcode-id-a3dcc5b361f3e7775b105b53ed8d24b5 .filter-bg-decoration .filter-categories a.act {\n  color: #fff;\n}\n.dt-team-shortcode.team-masonry-shortcode-id-a3dcc5b361f3e7775b105b53ed8d24b5:not(.resize-by-browser-width) .dt-css-grid {\n  grid-row-gap: 20px;\n  grid-column-gap: 20px;\n  grid-template-columns: repeat(auto-fill,minmax(,1fr));\n}\n.cssgridlegacy.no-cssgrid .dt-team-shortcode.team-masonry-shortcode-id-a3dcc5b361f3e7775b105b53ed8d24b5:not(.resize-by-browser-width) .dt-css-grid,\n.no-cssgridlegacy.no-cssgrid .dt-team-shortcode.team-masonry-shortcode-id-a3dcc5b361f3e7775b105b53ed8d24b5:not(.resize-by-browser-width) .dt-css-grid {\n  display: flex;\n  flex-flow: row wrap;\n  margin: -10px;\n}\n.cssgridlegacy.no-cssgrid .dt-team-shortcode.team-masonry-shortcode-id-a3dcc5b361f3e7775b105b53ed8d24b5:not(.resize-by-browser-width) .dt-css-grid .wf-cell,\n.no-cssgridlegacy.no-cssgrid .dt-team-shortcode.team-masonry-shortcode-id-a3dcc5b361f3e7775b105b53ed8d24b5:not(.resize-by-browser-width) .dt-css-grid .wf-cell {\n  flex: 1 0 ;\n  max-width: 100%;\n  padding: 10px;\n  box-sizing: border-box;\n}\n.dt-team-shortcode.team-masonry-shortcode-id-a3dcc5b361f3e7775b105b53ed8d24b5.resize-by-browser-width .dt-css-grid {\n  grid-template-columns: repeat(3,1fr);\n  grid-template-rows: auto;\n  grid-column-gap: 20px;\n  grid-row-gap: 20px;\n}\n.cssgridlegacy.no-cssgrid .dt-team-shortcode.team-masonry-shortcode-id-a3dcc5b361f3e7775b105b53ed8d24b5.resize-by-browser-width .dt-css-grid,\n.no-cssgridlegacy.no-cssgrid .dt-team-shortcode.team-masonry-shortcode-id-a3dcc5b361f3e7775b105b53ed8d24b5.resize-by-browser-width .dt-css-grid {\n  margin: -10px;\n}\n.cssgridlegacy.no-cssgrid .dt-team-shortcode.team-masonry-shortcode-id-a3dcc5b361f3e7775b105b53ed8d24b5.resize-by-browser-width .dt-css-grid .wf-cell,\n.no-cssgridlegacy.no-cssgrid .dt-team-shortcode.team-masonry-shortcode-id-a3dcc5b361f3e7775b105b53ed8d24b5.resize-by-browser-width .dt-css-grid .wf-cell {\n  width: 33.333333333333%;\n  padding: 10px;\n}\n@media screen and (max-width: 1199px) {\n  .dt-team-shortcode.team-masonry-shortcode-id-a3dcc5b361f3e7775b105b53ed8d24b5.resize-by-browser-width .dt-css-grid {\n    grid-template-columns: repeat(3,1fr);\n  }\n  .cssgridlegacy.no-cssgrid .dt-team-shortcode.team-masonry-shortcode-id-a3dcc5b361f3e7775b105b53ed8d24b5.resize-by-browser-width .dt-css-grid .wf-cell,\n  .no-cssgridlegacy.no-cssgrid .dt-team-shortcode.team-masonry-shortcode-id-a3dcc5b361f3e7775b105b53ed8d24b5.resize-by-browser-width .dt-css-grid .wf-cell {\n    width: 33.333333333333%;\n  }\n}\n@media screen and (max-width: 991px) {\n  .dt-team-shortcode.team-masonry-shortcode-id-a3dcc5b361f3e7775b105b53ed8d24b5.resize-by-browser-width .dt-css-grid {\n    grid-template-columns: repeat(2,1fr);\n  }\n  .cssgridlegacy.no-cssgrid .dt-team-shortcode.team-masonry-shortcode-id-a3dcc5b361f3e7775b105b53ed8d24b5.resize-by-browser-width .dt-css-grid .wf-cell,\n  .no-cssgridlegacy.no-cssgrid .dt-team-shortcode.team-masonry-shortcode-id-a3dcc5b361f3e7775b105b53ed8d24b5.resize-by-browser-width .dt-css-grid .wf-cell {\n    width: 50%;\n  }\n}\n@media screen and (max-width: 767px) {\n  .dt-team-shortcode.team-masonry-shortcode-id-a3dcc5b361f3e7775b105b53ed8d24b5.resize-by-browser-width .dt-css-grid {\n    grid-template-columns: repeat(1,1fr);\n  }\n  .cssgridlegacy.no-cssgrid .dt-team-shortcode.team-masonry-shortcode-id-a3dcc5b361f3e7775b105b53ed8d24b5.resize-by-browser-width .dt-css-grid .wf-cell,\n  .no-cssgridlegacy.no-cssgrid .dt-team-shortcode.team-masonry-shortcode-id-a3dcc5b361f3e7775b105b53ed8d24b5.resize-by-browser-width .dt-css-grid .wf-cell {\n    width: 100%;\n  }\n}\n<\/style><div class=\"dt-team-masonry-shortcode dt-team-shortcode team-masonry-shortcode-id-a3dcc5b361f3e7775b105b53ed8d24b5 loading-effect-none mode-grid jquery-filter content-align-center content-bg-on dt-css-grid-wrap scale-img dt-css-grid-wrap disable-bg-rollover dt-icon-bg-on dt-icon-border-on dt-icon-hover-bg-on dt-icon-border-hover-on move-icons-under-position resize-by-browser-width  \" data-padding=\"10px\" data-cur-page=\"1\" data-post-limit=\"6\" data-pagination-mode=\"pages\" data-desktop-columns-num=\"3\" data-v-tablet-columns-num=\"2\" data-h-tablet-columns-num=\"3\" data-phone-columns-num=\"1\" data-width=\"0px\" data-columns=\"0\"><div class=\"dt-css-grid\" ><div class=\"visible wf-cell category-0\" data-post-id=\"58487\" data-date=\"2018-01-25T15:25:51+00:00\" data-name=\"Cristina L\u00f3pez Carmona\"><div class=\"team-container visible post post-58487 dt_team type-dt_team status-publish has-post-thumbnail hentry\"><div class=\"team-media\"><a href=\"https:\/\/davidlopezabogado.com\/lt\/dt_team\/cristina-lopez-carmona\/\" class=\"rollover layzr-bg\"><img loading=\"lazy\" decoding=\"async\" class=\"preload-me iso-lazy-load\" src=\"data:image\/svg+xml,%3Csvg%20xmlns%3D&#39;http%3A%2F%2Fwww.w3.org%2F2000%2Fsvg&#39;%20viewBox%3D&#39;0%200%20800%20800&#39;%2F%3E\" data-src=\"https:\/\/davidlopezabogado.com\/wp-content\/uploads\/2018\/01\/cristina2.jpg\" data-srcset=\"https:\/\/davidlopezabogado.com\/wp-content\/uploads\/2018\/01\/cristina2.jpg 800w\" width=\"800\" height=\"800\"  title=\"CRISTINA\" alt=\"\" \/><\/a><\/div><div class=\"team-desc\"><div class=\"team-author\"><div class=\"team-author-name\"><a href=\"https:\/\/davidlopezabogado.com\/lt\/dt_team\/cristina-lopez-carmona\/\">Cristina L\u00f3pez Carmona<\/a><\/div><p>Civilin\u0117s teis\u0117s specialistas<\/p><\/div><div class=\"team-content\"><p style=\"text-align: justify;\">Cristina L\u00f3pez Carmona yra kontoros teisinink\u0117, turinti trisde\u0161imties met\u0173 profesin\u0119 patirt\u012f teis\u0117s srityje. Ji yra civilin\u0117s teis\u0117s specialist\u0117, taip pat praktikuoja \u0161eimos, baud\u017eiamosios ir administracin\u0117s teis\u0117s srityse. Ji taip pat gali konsultuoti angl\u0173 kalba.<\/p>\n<\/div>\n<a href=\"https:\/\/davidlopezabogado.com\/lt\/dt_team\/cristina-lopez-carmona\/\" class=\"dt-btn-s dt-btn post-details details-type-btn\" aria-label=\"Read more about Cristina L\u00f3pez Carmona\">I\u0161sami informacija<i class=\"dt-icon-the7-arrow-03\" aria-hidden=\"true\"><\/i><\/a>\n<\/div><\/div><\/div><div class=\"visible wf-cell category-0\" data-post-id=\"58489\" data-date=\"2018-01-25T15:24:09+00:00\" data-name=\"Sebasti\u00e1n P\u00e9rez Hern\u00e1ndez\"><div class=\"team-container visible post post-58489 dt_team type-dt_team status-publish has-post-thumbnail hentry\"><div class=\"team-media\"><a href=\"https:\/\/davidlopezabogado.com\/lt\/dt_team\/sebastian-perez-hernandez\/\" class=\"rollover layzr-bg\"><img loading=\"lazy\" decoding=\"async\" class=\"preload-me iso-lazy-load\" src=\"data:image\/svg+xml,%3Csvg%20xmlns%3D&#39;http%3A%2F%2Fwww.w3.org%2F2000%2Fsvg&#39;%20viewBox%3D&#39;0%200%20800%20800&#39;%2F%3E\" data-src=\"https:\/\/davidlopezabogado.com\/wp-content\/uploads\/2018\/01\/SEBASTIAN.jpg\" data-srcset=\"https:\/\/davidlopezabogado.com\/wp-content\/uploads\/2018\/01\/SEBASTIAN.jpg 800w\" width=\"800\" height=\"800\"  title=\"SEBASTIAN\" alt=\"\" \/><\/a><\/div><div class=\"team-desc\"><div class=\"team-author\"><div class=\"team-author-name\"><a href=\"https:\/\/davidlopezabogado.com\/lt\/dt_team\/sebastian-perez-hernandez\/\">Sebasti\u00e1n P\u00e9rez Hern\u00e1ndez<\/a><\/div><p>Baud\u017eiamosios teis\u0117s departamento direktorius<\/p><\/div><div class=\"team-content\"><p style=\"text-align: justify;\">Sebasti\u00e1n P\u00e9rez Hern\u00e1ndez yra DAVID L\u00d3PEZ ABOGADOS Baud\u017eiamosios teis\u0117s departamento direktorius nuo 1994 m. turintis daugiau kaip dvide\u0161imt a\u0161tuoneri\u0173 met\u0173 teisinio darbo patirt\u012f.<\/p>\n<\/div>\n<a href=\"https:\/\/davidlopezabogado.com\/lt\/dt_team\/sebastian-perez-hernandez\/\" class=\"dt-btn-s dt-btn post-details details-type-btn\" aria-label=\"Read more about Sebasti\u00e1n P\u00e9rez Hern\u00e1ndez\">I\u0161sami informacija<i class=\"dt-icon-the7-arrow-03\" aria-hidden=\"true\"><\/i><\/a>\n<\/div><\/div><\/div><div class=\"visible wf-cell category-0\" data-post-id=\"58491\" data-date=\"2018-01-25T15:23:37+00:00\" data-name=\"David L\u00f3pez Carmona\"><div class=\"team-container visible post post-58491 dt_team type-dt_team status-publish has-post-thumbnail hentry\"><div class=\"team-media\"><a href=\"https:\/\/davidlopezabogado.com\/lt\/dt_team\/david-lopez\/\" class=\"rollover layzr-bg\"><img loading=\"lazy\" decoding=\"async\" class=\"preload-me iso-lazy-load\" src=\"data:image\/svg+xml,%3Csvg%20xmlns%3D&#39;http%3A%2F%2Fwww.w3.org%2F2000%2Fsvg&#39;%20viewBox%3D&#39;0%200%20800%20800&#39;%2F%3E\" data-src=\"https:\/\/davidlopezabogado.com\/wp-content\/uploads\/2018\/01\/DAVID.jpg\" data-srcset=\"https:\/\/davidlopezabogado.com\/wp-content\/uploads\/2018\/01\/DAVID.jpg 800w\" width=\"800\" height=\"800\"  title=\"DAVID\" alt=\"\" \/><\/a><\/div><div class=\"team-desc\"><div class=\"team-author\"><div class=\"team-author-name\"><a href=\"https:\/\/davidlopezabogado.com\/lt\/dt_team\/david-lopez\/\">David L\u00f3pez Carmona<\/a><\/div><p>Civilin\u0117 ir komercin\u0117 teis\u0117<\/p><\/div><div class=\"team-content\"><p style=\"text-align: justify;\">David L\u00f3pez Carmona turi trisde\u0161imties met\u0173 teisininko darbo patirt\u012f. Jis yra civilin\u0117s ir komercin\u0117s teis\u0117s specialistas bei bankroto administratorius. Jis taip pat gali konsultuoti angl\u0173 ir vokie\u010di\u0173 kalbomis.<\/p>\n<\/div>\n<a href=\"https:\/\/davidlopezabogado.com\/lt\/dt_team\/david-lopez\/\" class=\"dt-btn-s dt-btn post-details details-type-btn\" aria-label=\"Read more about David L\u00f3pez Carmona\">I\u0161sami informacija<i class=\"dt-icon-the7-arrow-03\" aria-hidden=\"true\"><\/i><\/a>\n<\/div><\/div><\/div><\/div><!-- iso-container|iso-grid --><div class=\"paginator\" role=\"navigation\"><\/div><\/div>[\/vc_column][\/vc_row]<\/p>\n<\/section>","protected":false},"excerpt":{"rendered":"<p>[vc_row css=&#8221;.vc_custom_1573386006934{padding-top: 50px !important;padding-bottom: 50px !important;}&#8221;][vc_column][\/vc_column][\/vc_row]<\/p>\n","protected":false},"author":1,"featured_media":0,"parent":0,"menu_order":50,"comment_status":"closed","ping_status":"closed","template":"","meta":{"footnotes":""},"class_list":["post-58495","page","type-page","status-publish","hentry","description-off"],"aioseo_notices":[],"_links":{"self":[{"href":"https:\/\/davidlopezabogado.com\/lt\/wp-json\/wp\/v2\/pages\/58495","targetHints":{"allow":["GET"]}}],"collection":[{"href":"https:\/\/davidlopezabogado.com\/lt\/wp-json\/wp\/v2\/pages"}],"about":[{"href":"https:\/\/davidlopezabogado.com\/lt\/wp-json\/wp\/v2\/types\/page"}],"author":[{"embeddable":true,"href":"https:\/\/davidlopezabogado.com\/lt\/wp-json\/wp\/v2\/users\/1"}],"replies":[{"embeddable":true,"href":"https:\/\/davidlopezabogado.com\/lt\/wp-json\/wp\/v2\/comments?post=58495"}],"version-history":[{"count":3,"href":"https:\/\/davidlopezabogado.com\/lt\/wp-json\/wp\/v2\/pages\/58495\/revisions"}],"predecessor-version":[{"id":58498,"href":"https:\/\/davidlopezabogado.com\/lt\/wp-json\/wp\/v2\/pages\/58495\/revisions\/58498"}],"wp:attachment":[{"href":"https:\/\/davidlopezabogado.com\/lt\/wp-json\/wp\/v2\/media?parent=58495"}],"curies":[{"name":"wp","href":"https:\/\/api.w.org\/{rel}","templated":true}]}}