{"id":58445,"date":"2023-01-29T04:47:20","date_gmt":"2023-01-29T04:47:20","guid":{"rendered":"https:\/\/davidlopezabogado.com\/reclamacion-de-cantidades\/"},"modified":"2023-03-18T13:15:02","modified_gmt":"2023-03-18T13:15:02","slug":"reikalavimas-del-sumos","status":"publish","type":"page","link":"https:\/\/davidlopezabogado.com\/lt\/reikalavimas-del-sumos\/","title":{"rendered":"Reikalavimas d\u0117l sumos"},"content":{"rendered":"<section class=\"wpb-content-wrapper\"><p>[vc_row][vc_column]<div id=\"ultimate-heading-776769e34d2bbbcd2\" class=\"uvc-heading ult-adjust-bottom-margin ultimate-heading-776769e34d2bbbcd2 uvc-3154 \" data-hspacer=\"line_with_icon\" data-hline_width=\"auto\" data-hicon_type=\"selector\" data-hborder_style=\"solid\" data-hborder_height=\"1\" data-hborder_color=\"#ccc\" data-icon_width=\"32\" data-hfixer=\"10\"  data-halign=\"center\" style=\"text-align:center\"><div class=\"uvc-main-heading ult-responsive\"  data-ultimate-target='.uvc-heading.ultimate-heading-776769e34d2bbbcd2 h2'  data-responsive-json-new='{\"font-size\":\"\",\"line-height\":\"\"}' ><h2 style=\"font-weight:normal;margin-bottom:20px;\">DAVID L\u00d3PEZ ABOGADOS<\/h2><\/div><div class=\"uvc-sub-heading ult-responsive\"  data-ultimate-target='.uvc-heading.ultimate-heading-776769e34d2bbbcd2 .uvc-sub-heading '  data-responsive-json-new='{\"font-size\":\"\",\"line-height\":\"\"}'  style=\"font-weight:normal;\">Ji teikia \u012fvairias paslaugas &#8211; nuo konsultacij\u0173 d\u0117l nedideli\u0173 sum\u0173 i\u0161ie\u0161kojimo iki bankroto veiksm\u0173 (mok\u0117jim\u0173 sustabdymo ir bankroto):<\/div><div class=\"uvc-heading-spacer line_with_icon\" style=\"topheight:32px;\"><div class=\"ult-just-icon-wrapper  \"><div class=\"align-icon\" style=\"text-align:center;\">\n<div class=\"aio-icon none \"  style=\"font-size:32px;display:inline-block;\">\n\t<i class=\"icomoon-brankic-32x32-justice\"><\/i>\n<\/div><\/div><\/div><\/div><\/div>[\/vc_column][\/vc_row][vc_row][vc_column width=&#8221;1\/2&#8243;]<div id=\"ultimate-heading-424469e34d2bbbd67\" class=\"uvc-heading ult-adjust-bottom-margin ultimate-heading-424469e34d2bbbd67 uvc-2888 \" data-hspacer=\"no_spacer\"  data-halign=\"center\" style=\"text-align:center\"><div class=\"uvc-heading-spacer no_spacer\" style=\"top\"><\/div><div class=\"uvc-main-heading ult-responsive\"  data-ultimate-target='.uvc-heading.ultimate-heading-424469e34d2bbbd67 h2'  data-responsive-json-new='{\"font-size\":\"desktop:24px;\",\"line-height\":\"desktop:34px;\"}' ><h2 style=\"font-weight:bold;margin-bottom:20px;\">Servicios Extrajudiciales (amistosos)<\/h2><\/div><div class=\"uvc-sub-heading ult-responsive\"  data-ultimate-target='.uvc-heading.ultimate-heading-424469e34d2bbbd67 .uvc-sub-heading '  data-responsive-json-new='{\"font-size\":\"\",\"line-height\":\"\"}'  style=\"font-weight:normal;\"><\/p>\n<ul>\n<li>Establecimiento de contacto con el deudor.<\/li>\n<li>Asesoramiento jur\u00eddico, formalizaci\u00f3n y documentaci\u00f3n de acuerdos extrajudiciales para la cancelaci\u00f3n de la deuda y en su caso para la formalizaci\u00f3n de garant\u00edas.<\/li>\n<li>Seguimiento puntual de cumplimiento de compromisos de pago.<\/li>\n<\/ul>\n<p>Informaci\u00f3n detallada al cliente, mediante comunicaciones. peri\u00f3dicas, del estado y evoluci\u00f3n del asunto encomendado<\/div><\/div>[vc_column_text]<\/p>\n<ul>\n<li style=\"text-align: justify;\">Ry\u0161io su skolininku u\u017emezgimas.<\/li>\n<li style=\"text-align: justify;\">Teisin\u0117s konsultacijos, neteismini\u0173 susitarim\u0173 d\u0117l skolos panaikinimo ir, jei reikia, garantij\u0173 \u012fforminimo, \u012fforminimas ir dokumentavimas.<\/li>\n<li style=\"text-align: justify;\">Savalaik\u0117 mok\u0117jimo \u012fsipareigojim\u0173 vykdymo kontrol\u0117.<\/li>\n<\/ul>\n<p style=\"text-align: justify;\">I\u0161sami informacija klientui, bendraujant. Periodin\u0117s ataskaitos apie patik\u0117to proceso b\u016bkl\u0119 ir raid\u0105.<\/p>\n<p>[\/vc_column_text][\/vc_column][vc_column width=&#8221;1\/2&#8243;]<div id=\"ultimate-heading-397469e34d2bbbdcd\" class=\"uvc-heading ult-adjust-bottom-margin ultimate-heading-397469e34d2bbbdcd uvc-9543 \" data-hspacer=\"no_spacer\"  data-halign=\"center\" style=\"text-align:center\"><div class=\"uvc-heading-spacer no_spacer\" style=\"top\"><\/div><div class=\"uvc-main-heading ult-responsive\"  data-ultimate-target='.uvc-heading.ultimate-heading-397469e34d2bbbdcd h2'  data-responsive-json-new='{\"font-size\":\"desktop:24px;\",\"line-height\":\"desktop:34px;\"}' ><h2 style=\"font-weight:bold;margin-bottom:20px;\">Servicios Judiciales<\/h2><\/div><div class=\"uvc-sub-heading ult-responsive\"  data-ultimate-target='.uvc-heading.ultimate-heading-397469e34d2bbbdcd .uvc-sub-heading '  data-responsive-json-new='{\"font-size\":\"\",\"line-height\":\"\"}'  style=\"font-weight:normal;\">Agotada la v\u00eda extrajudicial, nuestros servicios consisten en:<\/p>\n<ul>\n<li>Obtenci\u00f3n de informes de solvencia.<\/li>\n<li>An\u00e1lisis de la solvencia del deudor y estudio de la viabilidad de las posibles acciones judiciales.<\/li>\n<li>Tramitaci\u00f3n de todo tipo de procedimientos judiciales en reclamaci\u00f3n de cr\u00e9ditos morosos, desde procedimientos declarativos en reclamaci\u00f3n de cantidad a procedimientos concursales (suspensiones de pagos y quiebras).<\/li>\n<\/ul>\n<p><\/div><\/div>[vc_column_text]<\/p>\n<p style=\"text-align: justify;\">I\u0161naudojus neteismin\u0119 proced\u016br\u0105, teikiame \u0161ias paslaugas:<\/p>\n<ul>\n<li style=\"text-align: justify;\">Mokumo ataskait\u0173 gavimas.<\/li>\n<li style=\"text-align: justify;\">Skolininko mokumo analiz\u0117 ir galim\u0173 teisini\u0173 veiksm\u0173 pagr\u012fstumo tyrimas.<\/li>\n<li style=\"text-align: justify;\">Vis\u0173 r\u016b\u0161i\u0173 teismini\u0173 proced\u016br\u0173, reikaling\u0173 d\u0117l pradelst\u0173 kredit\u0173 i\u0161ie\u0161kojimo, apdorojimas, nuo deklaravimo proced\u016br\u0173 reikalaujant sumos iki bankroto proced\u016br\u0173 (mok\u0117jim\u0173 sustabdymo ir bankroto).<\/li>\n<\/ul>\n<p>[\/vc_column_text][\/vc_column][\/vc_row]<\/p>\n<\/section>","protected":false},"excerpt":{"rendered":"<p>[vc_row][vc_column][\/vc_column][\/vc_row][vc_row][vc_column width=&#8221;1\/2&#8243;][vc_column_text] Ry\u0161io su skolininku u\u017emezgimas. Teisin\u0117s konsultacijos, neteismini\u0173 susitarim\u0173 d\u0117l skolos panaikinimo ir, jei reikia, garantij\u0173 \u012fforminimo, \u012fforminimas ir dokumentavimas. Savalaik\u0117 mok\u0117jimo \u012fsipareigojim\u0173 vykdymo kontrol\u0117. I\u0161sami informacija klientui, bendraujant. Periodin\u0117s ataskaitos apie patik\u0117to proceso b\u016bkl\u0119 ir raid\u0105. [\/vc_column_text][\/vc_column][vc_column width=&#8221;1\/2&#8243;][vc_column_text] I\u0161naudojus neteismin\u0119 proced\u016br\u0105, teikiame \u0161ias paslaugas: Mokumo ataskait\u0173 gavimas. Skolininko mokumo analiz\u0117 ir galim\u0173 teisini\u0173&hellip;<\/p>\n","protected":false},"author":1,"featured_media":0,"parent":0,"menu_order":10,"comment_status":"closed","ping_status":"closed","template":"","meta":{"footnotes":""},"class_list":["post-58445","page","type-page","status-publish","hentry","description-off"],"aioseo_notices":[],"_links":{"self":[{"href":"https:\/\/davidlopezabogado.com\/lt\/wp-json\/wp\/v2\/pages\/58445","targetHints":{"allow":["GET"]}}],"collection":[{"href":"https:\/\/davidlopezabogado.com\/lt\/wp-json\/wp\/v2\/pages"}],"about":[{"href":"https:\/\/davidlopezabogado.com\/lt\/wp-json\/wp\/v2\/types\/page"}],"author":[{"embeddable":true,"href":"https:\/\/davidlopezabogado.com\/lt\/wp-json\/wp\/v2\/users\/1"}],"replies":[{"embeddable":true,"href":"https:\/\/davidlopezabogado.com\/lt\/wp-json\/wp\/v2\/comments?post=58445"}],"version-history":[{"count":4,"href":"https:\/\/davidlopezabogado.com\/lt\/wp-json\/wp\/v2\/pages\/58445\/revisions"}],"predecessor-version":[{"id":58548,"href":"https:\/\/davidlopezabogado.com\/lt\/wp-json\/wp\/v2\/pages\/58445\/revisions\/58548"}],"wp:attachment":[{"href":"https:\/\/davidlopezabogado.com\/lt\/wp-json\/wp\/v2\/media?parent=58445"}],"curies":[{"name":"wp","href":"https:\/\/api.w.org\/{rel}","templated":true}]}}