{"id":58436,"date":"2023-01-29T04:33:04","date_gmt":"2023-01-29T04:33:04","guid":{"rendered":"https:\/\/davidlopezabogado.com\/comunidad-de-propietarios\/"},"modified":"2023-03-18T11:20:24","modified_gmt":"2023-03-18T11:20:24","slug":"savininku-bendrija","status":"publish","type":"page","link":"https:\/\/davidlopezabogado.com\/lt\/savininku-bendrija\/","title":{"rendered":"Savinink\u0173 bendrija"},"content":{"rendered":"<section class=\"wpb-content-wrapper\"><p>[vc_row][vc_column]<div id=\"ultimate-heading-172669e5e7b35bfac\" class=\"uvc-heading ult-adjust-bottom-margin ultimate-heading-172669e5e7b35bfac uvc-5102 \" data-hspacer=\"line_with_icon\" data-hline_width=\"auto\" data-hicon_type=\"selector\" data-hborder_style=\"solid\" data-hborder_height=\"1\" data-hborder_color=\"#ccc\" data-icon_width=\"32\" data-hfixer=\"10\"  data-halign=\"center\" style=\"text-align:center\"><div class=\"uvc-main-heading ult-responsive\"  data-ultimate-target='.uvc-heading.ultimate-heading-172669e5e7b35bfac h2'  data-responsive-json-new='{\"font-size\":\"desktop:24px;\",\"line-height\":\"desktop:34px;\"}' ><h2 style=\"font-weight:bold;margin-bottom:20px;\">Savinink\u0173 bendrija<\/h2><\/div><div class=\"uvc-sub-heading ult-responsive\"  data-ultimate-target='.uvc-heading.ultimate-heading-172669e5e7b35bfac .uvc-sub-heading '  data-responsive-json-new='{\"font-size\":\"\",\"line-height\":\"\"}'  style=\"font-weight:normal;\">Susitarimu nevykdymas ir Svarb\u016bs klausimai.<\/div><div class=\"uvc-heading-spacer line_with_icon\" style=\"topheight:32px;\"><div class=\"ult-just-icon-wrapper  \"><div class=\"align-icon\" style=\"text-align:center;\">\n<div class=\"aio-icon none \"  style=\"font-size:32px;display:inline-block;\">\n\t<i class=\"icomoon-brankic-32x32-justice\"><\/i>\n<\/div><\/div><\/div><\/div><\/div>[\/vc_column][\/vc_row][vc_row css=&#8221;.vc_custom_1678218161942{padding-bottom: 40px !important;}&#8221;][vc_column]<div id=\"ultimate-heading-713169e5e7b35c017\" class=\"uvc-heading ult-adjust-bottom-margin ultimate-heading-713169e5e7b35c017 uvc-9532 \" data-hspacer=\"no_spacer\"  data-halign=\"center\" style=\"text-align:center\"><div class=\"uvc-heading-spacer no_spacer\" style=\"top\"><\/div><div class=\"uvc-main-heading ult-responsive\"  data-ultimate-target='.uvc-heading.ultimate-heading-713169e5e7b35c017 h5'  data-responsive-json-new='{\"font-size\":\"desktop:24px;\",\"line-height\":\"desktop:34px;\"}' ><h5 style=\"font-weight:bold;\">Kokie susitarimai yra negin\u010dijami?<\/h5><\/div><\/div>[vc_column_text]<\/p>\n<p style=\"text-align: justify;\">I\u0161 esm\u0117s negin\u010dijami susitarimai gali b\u016bti dviej\u0173 tip\u0173:<\/p>\n<p style=\"text-align: justify;\">A) Vadinamieji \u201ekenkiantys susitarimai\u201c, kurie savo ruo\u017etu skirstomi \u012f:<\/p>\n<ol style=\"text-align: justify;\">\n<li>Tokie, kurie labai kenkia pa\u010diai bendruomenei vieno ar keli\u0173 savinink\u0173 labui.<\/li>\n<li>Tokie, kurie numato didel\u0119 \u017eal\u0105 bet kuriam savininkui, kuris neturi teisin\u0117s pareigos j\u0173 prisiimti arba kurie gal\u0117jo b\u016bti primesti arba kitu b\u016bdu isi\u016blyti vykdyti \u201epiktnaud\u017eiaujant teise\u201c.<\/li>\n<\/ol>\n<p style=\"text-align: justify;\">B) \u012estatymams ar \u012fstatams prie\u0161taraujantys susitarimai, kurie pa\u017eeid\u017eia bet kok\u012f teisin\u012f ar \u012fstatymin\u012f nurodym\u0105.<\/p>\n<p>[\/vc_column_text][\/vc_column][\/vc_row][vc_row][vc_column]<div id=\"ultimate-heading-307569e5e7b35c069\" class=\"uvc-heading ult-adjust-bottom-margin ultimate-heading-307569e5e7b35c069 uvc-3288 \" data-hspacer=\"no_spacer\"  data-halign=\"center\" style=\"text-align:center\"><div class=\"uvc-heading-spacer no_spacer\" style=\"top\"><\/div><div class=\"uvc-main-heading ult-responsive\"  data-ultimate-target='.uvc-heading.ultimate-heading-307569e5e7b35c069 h5'  data-responsive-json-new='{\"font-size\":\"desktop:24px;\",\"line-height\":\"desktop:34px;\"}' ><h5 style=\"font-weight:bold;\">Kas turi teis\u0119 j\u012f gin\u010dyti?<\/h5><\/div><\/div>[vc_column_text css=&#8221;.vc_custom_1679138147414{padding-bottom: 40px !important;}&#8221;]<\/p>\n<p style=\"text-align: justify;\">\u0160ie \u017emon\u0117s, savininkai:<\/p>\n<ol>\n<li style=\"text-align: justify;\">Tie, kurie b\u016bt\u0173 atidave savo bals\u0105 balsuodami prie\u0161.<\/li>\n<li style=\"text-align: justify;\">Tie, kurie d\u0117l koki\u0173 nors prie\u017eas\u010di\u0173 nebuvo bendrijos valdybos susirinkime.<\/li>\n<li style=\"text-align: justify;\">Tie, i\u0161 kuri\u0173 neteis\u0117tai buvo atimta teis\u0117 balsuoti.<\/li>\n<\/ol>\n<p>[\/vc_column_text][vc_row_inner css=&#8221;.vc_custom_1678218332705{padding-bottom: 40px !important;}&#8221;][vc_column_inner]<div id=\"ultimate-heading-780769e5e7b35c0b9\" class=\"uvc-heading ult-adjust-bottom-margin ultimate-heading-780769e5e7b35c0b9 uvc-2905 \" data-hspacer=\"no_spacer\"  data-halign=\"center\" style=\"text-align:center\"><div class=\"uvc-heading-spacer no_spacer\" style=\"top\"><\/div><div class=\"uvc-main-heading ult-responsive\"  data-ultimate-target='.uvc-heading.ultimate-heading-780769e5e7b35c0b9 h5'  data-responsive-json-new='{\"font-size\":\"desktop:24px;\",\"line-height\":\"desktop:34px;\"}' ><h5 style=\"font-weight:bold;\">Koks yra \u017ealing\u0173 susitarim\u0173 u\u017egin\u010dijimo terminas?<\/h5><\/div><div class=\"uvc-sub-heading ult-responsive\"  data-ultimate-target='.uvc-heading.ultimate-heading-780769e5e7b35c0b9 .uvc-sub-heading '  data-responsive-json-new='{\"font-size\":\"\",\"line-height\":\"\"}'  style=\"font-weight:normal;\"><\/p>\n<p style=\"text-align: justify;\">\u017daling\u0173 susitarim\u0173 gin\u010dijimo terminas yra <span style=\"text-decoration: underline;\">trys m\u0117nesiai<\/span>.<\/p>\n<p><\/div><\/div>[\/vc_column_inner][\/vc_row_inner][\/vc_column][\/vc_row][vc_row css=&#8221;.vc_custom_1678218520555{padding-bottom: 40px !important;}&#8221;][vc_column]<div id=\"ultimate-heading-780269e5e7b35c101\" class=\"uvc-heading ult-adjust-bottom-margin ultimate-heading-780269e5e7b35c101 uvc-5117 \" data-hspacer=\"no_spacer\"  data-halign=\"center\" style=\"text-align:center\"><div class=\"uvc-heading-spacer no_spacer\" style=\"top\"><\/div><div class=\"uvc-main-heading ult-responsive\"  data-ultimate-target='.uvc-heading.ultimate-heading-780269e5e7b35c101 h2'  data-responsive-json-new='{\"font-size\":\"desktop:24px;\",\"line-height\":\"desktop:34px;\"}' ><h2 style=\"font-weight:bold;\">Kokiu terminu reik\u0117t\u0173 laikytis norint gin\u010dyti \u012estatymui ar \u012fstatams prie\u0161taraujan\u010dius susitarimus?<\/h2><\/div><div class=\"uvc-sub-heading ult-responsive\"  data-ultimate-target='.uvc-heading.ultimate-heading-780269e5e7b35c101 .uvc-sub-heading '  data-responsive-json-new='{\"font-size\":\"\",\"line-height\":\"\"}'  style=\"font-weight:normal;\"><\/p>\n<p style=\"text-align: justify;\">\u012estatymui ar \u012fstatams prie\u0161taraujan\u010di\u0173 susitarim\u0173 gin\u010do terminas yra <span style=\"text-decoration: underline;\">vieneri metai<\/span>.<\/p>\n<p><\/div><\/div>[\/vc_column][\/vc_row][vc_row][vc_column]<div id=\"ultimate-heading-835069e5e7b35c13b\" class=\"uvc-heading ult-adjust-bottom-margin ultimate-heading-835069e5e7b35c13b uvc-7866 \" data-hspacer=\"no_spacer\"  data-halign=\"center\" style=\"text-align:center\"><div class=\"uvc-heading-spacer no_spacer\" style=\"top\"><\/div><div class=\"uvc-main-heading ult-responsive\"  data-ultimate-target='.uvc-heading.ultimate-heading-835069e5e7b35c13b h2'  data-responsive-json-new='{\"font-size\":\"desktop:24px;\",\"line-height\":\"desktop:34px;\"}' ><h2 style=\"font-weight:bold;\">Kokie dar reikalavimai turi b\u016bti \u012fvykdyti, kad b\u016bt\u0173 galima gin\u010dyti susitarimus?<\/h2><\/div><div class=\"uvc-sub-heading ult-responsive\"  data-ultimate-target='.uvc-heading.ultimate-heading-835069e5e7b35c13b .uvc-sub-heading '  data-responsive-json-new='{\"font-size\":\"\",\"line-height\":\"\"}'  style=\"font-weight:normal;\"><\/p>\n<p style=\"text-align: justify;\">Savininkas, nor\u0117damas gin\u010dyti valdybos susitarimus, turi b\u016bti iki galo sumok\u0117j\u0119s visas bendrijai priklausan\u010dias skolas.<\/p>\n<p><\/div><\/div>[\/vc_column][\/vc_row][vc_row][vc_column][vc_column_text][\/vc_column_text][\/vc_column][\/vc_row]<\/p>\n<\/section>","protected":false},"excerpt":{"rendered":"<p>[vc_row][vc_column][\/vc_column][\/vc_row][vc_row css=&#8221;.vc_custom_1678218161942{padding-bottom: 40px !important;}&#8221;][vc_column][vc_column_text] I\u0161 esm\u0117s negin\u010dijami susitarimai gali b\u016bti dviej\u0173 tip\u0173: A) Vadinamieji \u201ekenkiantys susitarimai\u201c, kurie savo ruo\u017etu skirstomi \u012f: Tokie, kurie labai kenkia pa\u010diai bendruomenei vieno ar keli\u0173 savinink\u0173 labui. Tokie, kurie numato didel\u0119 \u017eal\u0105 bet kuriam savininkui, kuris neturi teisin\u0117s pareigos j\u0173 prisiimti arba kurie gal\u0117jo b\u016bti primesti arba kitu b\u016bdu isi\u016blyti&hellip;<\/p>\n","protected":false},"author":1,"featured_media":0,"parent":0,"menu_order":10,"comment_status":"closed","ping_status":"closed","template":"","meta":{"footnotes":""},"class_list":["post-58436","page","type-page","status-publish","hentry","description-off"],"aioseo_notices":[],"_links":{"self":[{"href":"https:\/\/davidlopezabogado.com\/lt\/wp-json\/wp\/v2\/pages\/58436","targetHints":{"allow":["GET"]}}],"collection":[{"href":"https:\/\/davidlopezabogado.com\/lt\/wp-json\/wp\/v2\/pages"}],"about":[{"href":"https:\/\/davidlopezabogado.com\/lt\/wp-json\/wp\/v2\/types\/page"}],"author":[{"embeddable":true,"href":"https:\/\/davidlopezabogado.com\/lt\/wp-json\/wp\/v2\/users\/1"}],"replies":[{"embeddable":true,"href":"https:\/\/davidlopezabogado.com\/lt\/wp-json\/wp\/v2\/comments?post=58436"}],"version-history":[{"count":7,"href":"https:\/\/davidlopezabogado.com\/lt\/wp-json\/wp\/v2\/pages\/58436\/revisions"}],"predecessor-version":[{"id":58545,"href":"https:\/\/davidlopezabogado.com\/lt\/wp-json\/wp\/v2\/pages\/58436\/revisions\/58545"}],"wp:attachment":[{"href":"https:\/\/davidlopezabogado.com\/lt\/wp-json\/wp\/v2\/media?parent=58436"}],"curies":[{"name":"wp","href":"https:\/\/api.w.org\/{rel}","templated":true}]}}