{"id":58417,"date":"2023-01-29T04:23:06","date_gmt":"2023-01-29T04:23:06","guid":{"rendered":"https:\/\/davidlopezabogado.com\/la-herencia\/"},"modified":"2023-03-18T11:07:18","modified_gmt":"2023-03-18T11:07:18","slug":"paveldejimas","status":"publish","type":"page","link":"https:\/\/davidlopezabogado.com\/lt\/paveldejimas\/","title":{"rendered":"Paveld\u0117jimas"},"content":{"rendered":"<section class=\"wpb-content-wrapper\"><p>[vc_row][vc_column]<div id=\"ultimate-heading-471369e3621e2d2bf\" class=\"uvc-heading ult-adjust-bottom-margin ultimate-heading-471369e3621e2d2bf uvc-6329 \" data-hspacer=\"line_with_icon\" data-hline_width=\"auto\" data-hicon_type=\"selector\" data-hborder_style=\"solid\" data-hborder_height=\"1\" data-hborder_color=\"#ccc\" data-icon_width=\"32\" data-hfixer=\"10\"  data-halign=\"center\" style=\"text-align:center\"><div class=\"uvc-main-heading ult-responsive\"  data-ultimate-target='.uvc-heading.ultimate-heading-471369e3621e2d2bf h2'  data-responsive-json-new='{\"font-size\":\"desktop:24px;\",\"line-height\":\"desktop:34px;\"}' ><h2 style=\"font-weight:bold;margin-bottom:20px;\">Yra priverstini\u0173 \u012fp\u0117dini\u0173<\/h2><\/div><div class=\"uvc-heading-spacer line_with_icon\" style=\"topheight:32px;\"><div class=\"ult-just-icon-wrapper  \"><div class=\"align-icon\" style=\"text-align:center;\">\n<div class=\"aio-icon none \"  style=\"font-size:32px;display:inline-block;\">\n\t<i class=\"icomoon-brankic-32x32-justice\"><\/i>\n<\/div><\/div><\/div><\/div><\/div>[vc_column_text]<\/p>\n<p style=\"text-align: justify;\">\u012estatymas m\u016bs\u0173 artimiausiems giminai\u010diams suteikia priverstini\u0173 \u012fp\u0117dini\u0173 status\u0105, pavyzd\u017eiui, kad labai svarbi m\u016bs\u0173 palikimo dalis, norime to ar nenori, atiteks m\u016bs\u0173 vaikams, o jei j\u0173 n\u0117ra, m\u016bs\u0173 t\u0117vai, nors ir ma\u017eiau.<\/p>\n<p>[\/vc_column_text][\/vc_column][\/vc_row][vc_row][vc_column]<div id=\"ultimate-heading-943769e3621e2d338\" class=\"uvc-heading ult-adjust-bottom-margin ultimate-heading-943769e3621e2d338 uvc-8632 \" data-hspacer=\"no_spacer\"  data-halign=\"center\" style=\"text-align:center\"><div class=\"uvc-heading-spacer no_spacer\" style=\"top\"><\/div><div class=\"uvc-main-heading ult-responsive\"  data-ultimate-target='.uvc-heading.ultimate-heading-943769e3621e2d338 h2'  data-responsive-json-new='{\"font-size\":\"desktop:24px;\",\"line-height\":\"desktop:34px;\"}' ><h2 style=\"font-weight:bold;margin-top:20px;margin-bottom:20px;\">Nera taip paprasta nuimti\/ panaikinti paveld\u0117jim\u0105<\/h2><\/div><\/div>[vc_column_text]<\/p>\n<p style=\"text-align: justify;\">Mes labai \u012fprat\u0119 gird\u0117ti \u0161\u012f \u017eod\u012f, bet tiesa ta, kad pagal Ispanijos bendr\u0105j\u0105 teis\u0119 n\u0117ra lengva atsisakyti palikti paveld\u0117jima. Ties\u0105 sakant, toks veiksmas gali b\u016bti atliktas tik labai vertinamais atvejais, pavyzd\u017eiui, kai \u0161is \u012fp\u0117dinis pasik\u0117sino \u012f m\u016bs\u0173 gyvyb\u0119, atsisak\u0117 duoti valgyti, netinkamai elg\u0117si su mumis ir pan.<\/p>\n<p>[\/vc_column_text][\/vc_column][\/vc_row][vc_row][vc_column]<div id=\"ultimate-heading-393869e3621e2d3bc\" class=\"uvc-heading ult-adjust-bottom-margin ultimate-heading-393869e3621e2d3bc uvc-4283 \" data-hspacer=\"no_spacer\"  data-halign=\"center\" style=\"text-align:center\"><div class=\"uvc-heading-spacer no_spacer\" style=\"top\"><\/div><div class=\"uvc-main-heading ult-responsive\"  data-ultimate-target='.uvc-heading.ultimate-heading-393869e3621e2d3bc h2'  data-responsive-json-new='{\"font-size\":\"desktop:24px;\",\"line-height\":\"desktop:34px;\"}' ><h2 style=\"font-weight:bold;margin-top:20px;margin-bottom:20px;\">\u012estatymas nustato testamento ribas<\/h2><\/div><\/div>[vc_column_text]<\/p>\n<p style=\"text-align: justify;\">Jei galvojame apie akcin\u0119 bendrov\u0119 su minimaliu kapitalu, reikia tur\u0117ti apie 3000 eur\u0173 kapitalui \u012fne\u0161ti ir dar apie 900 eur\u0173 steigimo i\u0161laidoms padengti. Po min\u0117tos konstitucijos ankstesni 900 eur\u0173 gali b\u016bti paimti i\u0161 3000 kapitalo, paliekant 2100 eur\u0173 pradin\u0117ms bazin\u0117ms investicijoms.<\/p>\n<p>[\/vc_column_text][vc_row_inner css=&#8221;.vc_custom_1674836637821{padding-bottom: 50px !important;}&#8221;][vc_column_inner]<div id=\"ultimate-heading-87369e3621e2d419\" class=\"uvc-heading ult-adjust-bottom-margin ultimate-heading-87369e3621e2d419 uvc-901 \" data-hspacer=\"no_spacer\"  data-halign=\"center\" style=\"text-align:center\"><div class=\"uvc-heading-spacer no_spacer\" style=\"top\"><\/div><div class=\"uvc-main-heading ult-responsive\"  data-ultimate-target='.uvc-heading.ultimate-heading-87369e3621e2d419 h2'  data-responsive-json-new='{\"font-size\":\"desktop:24px;\",\"line-height\":\"desktop:34px;\"}' ><h2 style=\"font-weight:bold;margin-top:20px;margin-bottom:20px;\">Kas atsitiks, jei kas nors mirs nepadar\u0119s testamento?<\/h2><\/div><div class=\"uvc-sub-heading ult-responsive\"  data-ultimate-target='.uvc-heading.ultimate-heading-87369e3621e2d419 .uvc-sub-heading '  data-responsive-json-new='{\"font-size\":\"\",\"line-height\":\"\"}'  style=\"font-weight:normal;\"><span style=\"font-family: 'Avenir Book';\">Estos son los datos principales sobre los que nos tenemos que decidir:<\/span><\/div><\/div>[vc_column_text]<\/p>\n<p style=\"text-align: justify;\">Jei kas nors mirs nesudar\u0119s testamento, \u012fp\u0117diniai tur\u0117s prad\u0117ti proced\u016br\u0105, vadinam\u0105 \u201e\u012ep\u0117dini\u0173 pagal \u012fstatym\u0105 parei\u0161kimas\u201c, kurioje pagal \u012fstatym\u0105 paveld\u0117s giminai\u010diai paeiliui nuo artimiausio laipsnio iki tolimiausio. \u0160i proced\u016bra ypa\u010d kenkia mirusiojo sutuoktiniui, jei santuoka nesusilauk\u0117 vaik\u0173.<\/p>\n<p>[\/vc_column_text][\/vc_column_inner][\/vc_row_inner][\/vc_column][\/vc_row][vc_row][vc_column]<div id=\"ultimate-heading-96669e3621e2d474\" class=\"uvc-heading ult-adjust-bottom-margin ultimate-heading-96669e3621e2d474 uvc-3335 \" data-hspacer=\"no_spacer\"  data-halign=\"center\" style=\"text-align:center\"><div class=\"uvc-heading-spacer no_spacer\" style=\"top\"><\/div><div class=\"uvc-main-heading ult-responsive\"  data-ultimate-target='.uvc-heading.ultimate-heading-96669e3621e2d474 h2'  data-responsive-json-new='{\"font-size\":\"desktop:24px;\",\"line-height\":\"desktop:34px;\"}' ><h2 style=\"font-weight:bold;margin-top:20px;margin-bottom:20px;\">Ar galioja palikimo atsisakymas?<\/h2><\/div><\/div>[vc_column_text]<\/p>\n<p style=\"text-align: justify;\">Atsisakymas nuo palikimo, atsirad\u0119s per palik\u0117jo gyvenim\u0105, pagal m\u016bs\u0173 civilin\u012f kodeks\u0105 yra niekinis, tod\u0117l netur\u0117s jokios \u012ftakos. viskas kei\u010diasi jei tai darote palikimo savininkui mirus, tuo metu, \u012fvykd\u017eius atitinkamus reikalavimus, jis galiot\u0173.<\/p>\n<p>[\/vc_column_text][\/vc_column][\/vc_row]<\/p>\n<\/section>","protected":false},"excerpt":{"rendered":"<p>[vc_row][vc_column][vc_column_text] \u012estatymas m\u016bs\u0173 artimiausiems giminai\u010diams suteikia priverstini\u0173 \u012fp\u0117dini\u0173 status\u0105, pavyzd\u017eiui, kad labai svarbi m\u016bs\u0173 palikimo dalis, norime to ar nenori, atiteks m\u016bs\u0173 vaikams, o jei j\u0173 n\u0117ra, m\u016bs\u0173 t\u0117vai, nors ir ma\u017eiau. [\/vc_column_text][\/vc_column][\/vc_row][vc_row][vc_column][vc_column_text] Mes labai \u012fprat\u0119 gird\u0117ti \u0161\u012f \u017eod\u012f, bet tiesa ta, kad pagal Ispanijos bendr\u0105j\u0105 teis\u0119 n\u0117ra lengva atsisakyti palikti paveld\u0117jima. Ties\u0105 sakant, toks&hellip;<\/p>\n","protected":false},"author":1,"featured_media":0,"parent":0,"menu_order":10,"comment_status":"closed","ping_status":"closed","template":"","meta":{"footnotes":""},"class_list":["post-58417","page","type-page","status-publish","hentry","description-off"],"aioseo_notices":[],"_links":{"self":[{"href":"https:\/\/davidlopezabogado.com\/lt\/wp-json\/wp\/v2\/pages\/58417","targetHints":{"allow":["GET"]}}],"collection":[{"href":"https:\/\/davidlopezabogado.com\/lt\/wp-json\/wp\/v2\/pages"}],"about":[{"href":"https:\/\/davidlopezabogado.com\/lt\/wp-json\/wp\/v2\/types\/page"}],"author":[{"embeddable":true,"href":"https:\/\/davidlopezabogado.com\/lt\/wp-json\/wp\/v2\/users\/1"}],"replies":[{"embeddable":true,"href":"https:\/\/davidlopezabogado.com\/lt\/wp-json\/wp\/v2\/comments?post=58417"}],"version-history":[{"count":7,"href":"https:\/\/davidlopezabogado.com\/lt\/wp-json\/wp\/v2\/pages\/58417\/revisions"}],"predecessor-version":[{"id":58541,"href":"https:\/\/davidlopezabogado.com\/lt\/wp-json\/wp\/v2\/pages\/58417\/revisions\/58541"}],"wp:attachment":[{"href":"https:\/\/davidlopezabogado.com\/lt\/wp-json\/wp\/v2\/media?parent=58417"}],"curies":[{"name":"wp","href":"https:\/\/api.w.org\/{rel}","templated":true}]}}