{"id":58392,"date":"2023-01-24T17:43:24","date_gmt":"2023-01-24T17:43:24","guid":{"rendered":"https:\/\/davidlopezabogado.com\/otras-areas-de-derecho\/"},"modified":"2023-03-18T13:31:00","modified_gmt":"2023-03-18T13:31:00","slug":"kitos-teisines-praktikos","status":"publish","type":"page","link":"https:\/\/davidlopezabogado.com\/lt\/kitos-teisines-praktikos\/","title":{"rendered":"Kitos teisin\u0117s praktikos"},"content":{"rendered":"<section class=\"wpb-content-wrapper\"><p>[vc_row][vc_column]<div id=\"ultimate-heading-317269e3394353509\" class=\"uvc-heading ult-adjust-bottom-margin ultimate-heading-317269e3394353509 uvc-5651 \" data-hspacer=\"line_with_icon\" data-hline_width=\"auto\" data-hicon_type=\"selector\" data-hborder_style=\"solid\" data-hborder_height=\"1\" data-hborder_color=\"#ccc\" data-icon_width=\"32\" data-hfixer=\"10\"  data-halign=\"center\" style=\"text-align:center\"><div class=\"uvc-main-heading ult-responsive\"  data-ultimate-target='.uvc-heading.ultimate-heading-317269e3394353509 h2'  data-responsive-json-new='{\"font-size\":\"desktop:24px;\",\"line-height\":\"desktop:34px;\"}' ><h2 style=\"font-weight:bold;\">Baud\u017eiamoji teis\u0117<\/h2><\/div><div class=\"uvc-sub-heading ult-responsive\"  data-ultimate-target='.uvc-heading.ultimate-heading-317269e3394353509 .uvc-sub-heading '  data-responsive-json-new='{\"font-size\":\"\",\"line-height\":\"\"}'  style=\"font-weight:normal;\">Galime patarti \u0161iose srityse:<\/div><div class=\"uvc-heading-spacer line_with_icon\" style=\"topheight:32px;\"><div class=\"ult-just-icon-wrapper  \"><div class=\"align-icon\" style=\"text-align:center;\">\n<div class=\"aio-icon none \"  style=\"font-size:32px;display:inline-block;\">\n\t<i class=\"icomoon-brankic-32x32-justice\"><\/i>\n<\/div><\/div><\/div><\/div><\/div>[vc_column_text]<\/p>\n<ul>\n<li style=\"text-align: justify;\">Instrukcijos ir baud\u017eiamosios bylos (pagalba suimtiesiems)<\/li>\n<li style=\"text-align: justify;\">Apklausos ir i\u0161vados<\/li>\n<li style=\"text-align: justify;\">Teismai.<\/li>\n<\/ul>\n<p>[\/vc_column_text][\/vc_column][\/vc_row][vc_row css=&#8221;.vc_custom_1674838088299{padding-top: 50px !important;}&#8221;][vc_column]<div id=\"ultimate-heading-911969e33943535c9\" class=\"uvc-heading ult-adjust-bottom-margin ultimate-heading-911969e33943535c9 uvc-6363 \" data-hspacer=\"line_with_icon\" data-hline_width=\"auto\" data-hicon_type=\"selector\" data-hborder_style=\"solid\" data-hborder_height=\"1\" data-hborder_color=\"#ccc\" data-icon_width=\"32\" data-hfixer=\"10\"  data-halign=\"center\" style=\"text-align:center\"><div class=\"uvc-main-heading ult-responsive\"  data-ultimate-target='.uvc-heading.ultimate-heading-911969e33943535c9 h2'  data-responsive-json-new='{\"font-size\":\"desktop:24px;\",\"line-height\":\"desktop:34px;\"}' ><h2 style=\"font-weight:bold;\">Komercine teis\u0117<\/h2><\/div><div class=\"uvc-sub-heading ult-responsive\"  data-ultimate-target='.uvc-heading.ultimate-heading-911969e33943535c9 .uvc-sub-heading '  data-responsive-json-new='{\"font-size\":\"\",\"line-height\":\"\"}'  style=\"font-weight:normal;\">Mes galime pad\u0117ti i\u0161spr\u0119sti bet kokias teisines komercines problemas.<\/div><div class=\"uvc-heading-spacer line_with_icon\" style=\"topheight:32px;\"><div class=\"ult-just-icon-wrapper  \"><div class=\"align-icon\" style=\"text-align:center;\">\n<div class=\"aio-icon none \"  style=\"font-size:32px;display:inline-block;\">\n\t<i class=\"icomoon-brankic-32x32-justice\"><\/i>\n<\/div><\/div><\/div><\/div><\/div>[\/vc_column][\/vc_row][vc_row css=&#8221;.vc_custom_1677064537166{padding-bottom: 20px !important;}&#8221;][vc_column width=&#8221;1\/2&#8243;][vc_column_text]<\/p>\n<ul>\n<li style=\"text-align: justify;\">Verslininko statuso \u012fgijimas<\/li>\n<li style=\"text-align: justify;\">Veiklos prad\u017eia ir privalomos registracijos<\/li>\n<li style=\"text-align: justify;\">Administravimas ir valdymas<\/li>\n<li style=\"text-align: justify;\">Verslininko statuso keitimas<\/li>\n<\/ul>\n<p>[\/vc_column_text][\/vc_column][vc_column width=&#8221;1\/2&#8243;][vc_column_text]<\/p>\n<ul>\n<li style=\"text-align: justify;\">Kaip prad\u0117ti komercin\u0119 veikl\u0105: verslininko statuso \u012fgijimas<\/li>\n<li style=\"text-align: justify;\">Kokius reikalavimus turiu atitikti mokes\u010diu inspekcijai kai pradedu:Buti veiksniu<br \/>\njuridine prasme ir pilnai galiu naudotis savo i\u0161tekliais<\/li>\n<li style=\"text-align: justify;\">Keitimas i\u0161 individualaus verslininko \u012f \u012fmon\u0119: Galima sukurti \u012fmon\u0119, kuri t\u0119st\u0173 individualausasmens pl\u0117tojam\u0105 veikl\u0105<\/li>\n<li style=\"text-align: justify;\">Sukurti bendrija : sugrupuoti dviej\u0173 ar daugiau \u017emoni\u0173 ketinimus pl\u0117toti pilietin\u0119 ir (arba) komercin\u0119 veikl\u0105.<\/li>\n<\/ul>\n<p>[\/vc_column_text][\/vc_column][\/vc_row][vc_row][vc_column]<div id=\"ultimate-heading-394869e3394353670\" class=\"uvc-heading ult-adjust-bottom-margin ultimate-heading-394869e3394353670 uvc-5731 \" data-hspacer=\"line_with_icon\" data-hline_width=\"auto\" data-hicon_type=\"selector\" data-hborder_style=\"solid\" data-hborder_height=\"1\" data-hborder_color=\"#ccc\" data-icon_width=\"32\" data-hfixer=\"10\"  data-halign=\"center\" style=\"text-align:center\"><div class=\"uvc-main-heading ult-responsive\"  data-ultimate-target='.uvc-heading.ultimate-heading-394869e3394353670 h2'  data-responsive-json-new='{\"font-size\":\"desktop:24px;\",\"line-height\":\"desktop:34px;\"}' ><h2 style=\"font-weight:bold;margin-bottom:20px;\">Administracin\u0117 teis\u0117<\/h2><\/div><div class=\"uvc-heading-spacer line_with_icon\" style=\"topheight:32px;\"><div class=\"ult-just-icon-wrapper  \"><div class=\"align-icon\" style=\"text-align:center;\">\n<div class=\"aio-icon none \"  style=\"font-size:32px;display:inline-block;\">\n\t<i class=\"icomoon-brankic-32x32-justice\"><\/i>\n<\/div><\/div><\/div><\/div><\/div>[vc_column_text]<\/p>\n<ul>\n<li style=\"text-align: justify;\">Skundai vie\u0161ojo administravimo institucijoms<\/li>\n<li style=\"text-align: justify;\">Sankcionuoti administracines proced\u016bras<\/li>\n<li style=\"text-align: justify;\">Imigracijos teis\u0117 (leidimai gyventi, pilietyb\u0117s, i\u0161siuntimo bylos ir kt.).<\/li>\n<\/ul>\n<p>[\/vc_column_text][\/vc_column][\/vc_row][vc_row][vc_column]<div id=\"ultimate-heading-312269e3394353709\" class=\"uvc-heading ult-adjust-bottom-margin ultimate-heading-312269e3394353709 uvc-5570 \" data-hspacer=\"line_with_icon\" data-hline_width=\"auto\" data-hicon_type=\"selector\" data-hborder_style=\"solid\" data-hborder_height=\"1\" data-hborder_color=\"#ccc\" data-icon_width=\"32\" data-hfixer=\"10\"  data-halign=\"center\" style=\"text-align:center\"><div class=\"uvc-main-heading ult-responsive\"  data-ultimate-target='.uvc-heading.ultimate-heading-312269e3394353709 h2'  data-responsive-json-new='{\"font-size\":\"desktop:24px;\",\"line-height\":\"desktop:34px;\"}' ><h2 style=\"font-weight:bold;margin-top:20px;margin-bottom:20px;\">Urbanistikos teis\u0117<\/h2><\/div><div class=\"uvc-heading-spacer line_with_icon\" style=\"topheight:32px;\"><div class=\"ult-just-icon-wrapper  \"><div class=\"align-icon\" style=\"text-align:center;\">\n<div class=\"aio-icon none \"  style=\"font-size:32px;display:inline-block;\">\n\t<i class=\"icomoon-brankic-32x32-justice\"><\/i>\n<\/div><\/div><\/div><\/div><\/div><div id=\"ultimate-heading-119669e33943537a3\" class=\"uvc-heading ult-adjust-bottom-margin ultimate-heading-119669e33943537a3 uvc-1592 \" data-hspacer=\"line_with_icon\" data-hline_width=\"auto\" data-hicon_type=\"selector\" data-hborder_style=\"solid\" data-hborder_height=\"1\" data-hborder_color=\"#ccc\" data-icon_width=\"32\" data-hfixer=\"10\"  data-halign=\"center\" style=\"text-align:center\"><div class=\"uvc-main-heading ult-responsive\"  data-ultimate-target='.uvc-heading.ultimate-heading-119669e33943537a3 h2'  data-responsive-json-new='{\"font-size\":\"desktop:24px;\",\"line-height\":\"desktop:34px;\"}' ><h2 style=\"font-weight:bold;margin-top:20px;margin-bottom:20px;\">Administracini\u0173 byl\u0173 teisenos \u012fstatymas<\/h2><\/div><div class=\"uvc-heading-spacer line_with_icon\" style=\"topheight:32px;\"><div class=\"ult-just-icon-wrapper  \"><div class=\"align-icon\" style=\"text-align:center;\">\n<div class=\"aio-icon none \"  style=\"font-size:32px;display:inline-block;\">\n\t<i class=\"icomoon-brankic-32x32-justice\"><\/i>\n<\/div><\/div><\/div><\/div><\/div>[vc_column_text]<\/p>\n<ul>\n<li style=\"text-align: justify;\">Reikalavim\u0173 pateikimas ir vis\u0173 procesini\u0173 veiksm\u0173 sekimas iki teismo sprendimo.<\/li>\n<\/ul>\n<p>[\/vc_column_text][\/vc_column][\/vc_row][vc_row][vc_column]<div id=\"ultimate-heading-168869e3394353836\" class=\"uvc-heading ult-adjust-bottom-margin ultimate-heading-168869e3394353836 uvc-5280 \" data-hspacer=\"line_with_icon\" data-hline_width=\"auto\" data-hicon_type=\"selector\" data-hborder_style=\"solid\" data-hborder_height=\"1\" data-hborder_color=\"#ccc\" data-icon_width=\"32\" data-hfixer=\"10\"  data-halign=\"center\" style=\"text-align:center\"><div class=\"uvc-main-heading ult-responsive\"  data-ultimate-target='.uvc-heading.ultimate-heading-168869e3394353836 h2'  data-responsive-json-new='{\"font-size\":\"desktop:24px;\",\"line-height\":\"desktop:34px;\"}' ><h2 style=\"font-weight:bold;margin-top:20px;margin-bottom:20px;\">Tarptautin\u0117 teis\u0117<\/h2><\/div><div class=\"uvc-heading-spacer line_with_icon\" style=\"topheight:32px;\"><div class=\"ult-just-icon-wrapper  \"><div class=\"align-icon\" style=\"text-align:center;\">\n<div class=\"aio-icon none \"  style=\"font-size:32px;display:inline-block;\">\n\t<i class=\"icomoon-brankic-32x32-justice\"><\/i>\n<\/div><\/div><\/div><\/div><\/div>[vc_column_text]<\/p>\n<ul>\n<li style=\"text-align: justify;\">U\u017esienio teism\u0173 sprendim\u0173 egzekvat\u016bra ir vykdymas pagal tarptautines sutartis<\/li>\n<li style=\"text-align: justify;\">Esame susipa\u017ein\u0119 su Vokietijos civiline teise ir turime bendradarbiaujan\u010dias advokat\u0173 kontoras Vokietijoje, Nyderlanduose, Jungtin\u0117se Amerikos Valstijose ir Jungtin\u0117je Karalyst\u0117je, kurios gali mums pad\u0117ti i\u0161spr\u0119sti bet kokias problemas, kurios gali kilti tose \u0161alyse<\/li>\n<li style=\"text-align: justify;\">Intelektin\u0117 ir pramonin\u0117 nuosavyb\u0117.<\/li>\n<\/ul>\n<p>[\/vc_column_text][\/vc_column][\/vc_row][vc_row][vc_column][vc_column_text]<\/p>\n<p style=\"text-align: justify;\">Si\u016blome plat\u0173 spektr\u0105 teisini\u0173 paslaug\u0173, susijusi\u0173 su intelektin\u0117s ir pramonin\u0117s nuosavyb\u0117s teisi\u0173 apsauga, \u012fskaitant nes\u0105\u017eining\u0105 konkurencij\u0105 ir reklam\u0105.<\/p>\n<p>[\/vc_column_text][vc_column_text]<\/p>\n<p style=\"text-align: justify;\">Pavyzdys, k\u0105 galime jums pasi\u016blyti:<\/p>\n<ul>\n<li style=\"text-align: justify;\">Kompleksinis intelektini\u0173 i\u0161tekli\u0173 valdymas<\/li>\n<li style=\"text-align: justify;\">Garantuoti autori\u0173 teisi\u0173 apsaug\u0105<\/li>\n<li style=\"text-align: justify;\">Teisiniai veiksmai prie\u0161 piratavim\u0105<\/li>\n<li style=\"text-align: justify;\">K\u016brini\u0173 pristatymas Intelektin\u0117s nuosavyb\u0117s registre<\/li>\n<li style=\"text-align: justify;\">Sutar\u010di\u0173, susijusi\u0173 su k\u016brinio gyvavimo laiku, vykdymas (teisi\u0173 perdavimas, autori\u0173 teisi\u0173 pa\u017eeidimo prevencija ir kt.).<\/li>\n<\/ul>\n<p>[\/vc_column_text][\/vc_column][\/vc_row]<\/p>\n<\/section>","protected":false},"excerpt":{"rendered":"<p>[vc_row][vc_column][vc_column_text] Instrukcijos ir baud\u017eiamosios bylos (pagalba suimtiesiems) Apklausos ir i\u0161vados Teismai. [\/vc_column_text][\/vc_column][\/vc_row][vc_row css=&#8221;.vc_custom_1674838088299{padding-top: 50px !important;}&#8221;][vc_column][\/vc_column][\/vc_row][vc_row css=&#8221;.vc_custom_1677064537166{padding-bottom: 20px !important;}&#8221;][vc_column width=&#8221;1\/2&#8243;][vc_column_text] Verslininko statuso \u012fgijimas Veiklos prad\u017eia ir privalomos registracijos Administravimas ir valdymas Verslininko statuso keitimas [\/vc_column_text][\/vc_column][vc_column width=&#8221;1\/2&#8243;][vc_column_text] Kaip prad\u0117ti komercin\u0119 veikl\u0105: verslininko statuso \u012fgijimas Kokius reikalavimus turiu atitikti mokes\u010diu inspekcijai kai pradedu:Buti veiksniu juridine prasme ir pilnai&hellip;<\/p>\n","protected":false},"author":1,"featured_media":0,"parent":0,"menu_order":10,"comment_status":"closed","ping_status":"closed","template":"","meta":{"footnotes":""},"class_list":["post-58392","page","type-page","status-publish","hentry","description-off"],"aioseo_notices":[],"_links":{"self":[{"href":"https:\/\/davidlopezabogado.com\/lt\/wp-json\/wp\/v2\/pages\/58392","targetHints":{"allow":["GET"]}}],"collection":[{"href":"https:\/\/davidlopezabogado.com\/lt\/wp-json\/wp\/v2\/pages"}],"about":[{"href":"https:\/\/davidlopezabogado.com\/lt\/wp-json\/wp\/v2\/types\/page"}],"author":[{"embeddable":true,"href":"https:\/\/davidlopezabogado.com\/lt\/wp-json\/wp\/v2\/users\/1"}],"replies":[{"embeddable":true,"href":"https:\/\/davidlopezabogado.com\/lt\/wp-json\/wp\/v2\/comments?post=58392"}],"version-history":[{"count":5,"href":"https:\/\/davidlopezabogado.com\/lt\/wp-json\/wp\/v2\/pages\/58392\/revisions"}],"predecessor-version":[{"id":58551,"href":"https:\/\/davidlopezabogado.com\/lt\/wp-json\/wp\/v2\/pages\/58392\/revisions\/58551"}],"wp:attachment":[{"href":"https:\/\/davidlopezabogado.com\/lt\/wp-json\/wp\/v2\/media?parent=58392"}],"curies":[{"name":"wp","href":"https:\/\/api.w.org\/{rel}","templated":true}]}}