{"id":58385,"date":"2023-01-24T11:02:53","date_gmt":"2023-01-24T11:02:53","guid":{"rendered":"https:\/\/davidlopezabogado.com\/la-separacion-y-el-divorcio\/"},"modified":"2023-03-18T10:56:00","modified_gmt":"2023-03-18T10:56:00","slug":"issiskyrimas-ir-skyrybos","status":"publish","type":"page","link":"https:\/\/davidlopezabogado.com\/lt\/issiskyrimas-ir-skyrybos\/","title":{"rendered":"I\u0161siskyrimas ir skyrybos."},"content":{"rendered":"<section class=\"wpb-content-wrapper\"><p>[vc_row][vc_column width=&#8221;2\/3&#8243;]<div id=\"ultimate-heading-1869e34d58ae35c\" class=\"uvc-heading ult-adjust-bottom-margin ultimate-heading-1869e34d58ae35c uvc-4234 \" data-hspacer=\"no_spacer\"  data-halign=\"left\" style=\"text-align:left\"><div class=\"uvc-heading-spacer no_spacer\" style=\"top\"><\/div><div class=\"uvc-main-heading ult-responsive\"  data-ultimate-target='.uvc-heading.ultimate-heading-1869e34d58ae35c h2'  data-responsive-json-new='{\"font-size\":\"desktop:24px;\",\"line-height\":\"desktop:34px;\"}' ><h2 style=\"font-weight:bold;margin-bottom:20px;\">Nepamir\u0161kite kad:<\/h2><\/div><\/div>[vc_column_text]<\/p>\n<ul>\n<li style=\"text-align: justify;\"><strong> Ar b\u016btina i\u0161siskirti pries skyrybas:<br \/>\n<\/strong>Po 2005 m. liepos m\u0117n. \u012fsigaliojusios \u012fstatym\u0173 reformos, norint nutraukti santuok\u0105, i\u0161ankstin\u0117 separacijos proced\u016bra nebereikalinga, o tik reikalaujama, kad nuo santuokos \u0161vent\u0117s b\u016bt\u0173 pra\u0117j\u0119 daugiau nei trys m\u0117nesiai. Nereikalingas nei \u0161is minimalus laikotarpis, kai yra naudojama prievarta prievarta.<\/li>\n<li style=\"text-align: justify;\"><strong> Kokios yra skyrybu prie\u017eastys?<br \/>\n<\/strong>\u012egyvendinus nauj\u0105 reform\u0105, i\u0161nyko poreikis prie\u017eastimi grysti skyrybas ar prieiti prie skyryb\u0173 sprendimo, tod\u0117l procesui prad\u0117ti pakanka bet kurio i\u0161 sutuoktini\u0173 valios.<\/li>\n<\/ul>\n<p>[\/vc_column_text][\/vc_column][vc_column width=&#8221;1\/3&#8243;][vc_single_image image=&#8221;57684&#8243; img_size=&#8221;600&#215;400&#8243; css=&#8221;.vc_custom_1676205890671{margin-bottom: 30px !important;}&#8221;][\/vc_column][\/vc_row][vc_row][vc_column]<div id=\"ultimate-heading-881369e34d58ae5bb\" class=\"uvc-heading ult-adjust-bottom-margin ultimate-heading-881369e34d58ae5bb uvc-2483 \" data-hspacer=\"line_with_icon\" data-hline_width=\"auto\" data-hicon_type=\"selector\" data-hborder_style=\"solid\" data-hborder_height=\"1\" data-hborder_color=\"#ccc\" data-icon_width=\"32\" data-hfixer=\"10\"  data-halign=\"center\" style=\"text-align:center\"><div class=\"uvc-main-heading ult-responsive\"  data-ultimate-target='.uvc-heading.ultimate-heading-881369e34d58ae5bb h2'  data-responsive-json-new='{\"font-size\":\"desktop:24px;\",\"line-height\":\"desktop:34px;\"}' ><h2 style=\"font-weight:bold;margin-top:20px;margin-bottom:20px;\">Vaikai<\/h2><\/div><div class=\"uvc-heading-spacer line_with_icon\" style=\"topheight:32px;\"><div class=\"ult-just-icon-wrapper  \"><div class=\"align-icon\" style=\"text-align:center;\">\n<div class=\"aio-icon none \"  style=\"font-size:32px;display:inline-block;\">\n\t<i class=\"icomoon-brankic-32x32-justice\"><\/i>\n<\/div><\/div><\/div><\/div><\/div>[vc_column_text]<\/p>\n<p style=\"text-align: justify;\">Nesant abiej\u0173 sutuoktini\u0173 susitarimo, teis\u0117jas vadovaujasi \u0161iomis prielaidomis:<\/p>\n<ul style=\"text-align: justify;\">\n<li>Nepilname\u010dio interesas<\/li>\n<li>Broli\u0173 ir seser\u0173 neatskyrimas<\/li>\n<li><span style=\"font-family: 'Avenir Book';\">Si tienen uso de raz\u00f3n y discernimiento se tendr\u00e1 en cuenta su opini\u00f3n<\/span><\/li>\n<\/ul>\n<p style=\"text-align: justify;\">Nepaisant to, kad globa priskirta vienam i\u0161 sutuoktini\u0173, globos neturintis t\u0117vas gali kontroliuoti savo vaiko glob\u0105 atsi\u017evelgiant \u012f jo gerbuv\u012f bei vaiko interesus ; Tai rei\u0161kia teis\u0119 gauti informacij\u0105 apie vaiko gyvenim\u0105, sveikat\u0105, moksl\u0105, dorin\u012f ir religin\u012f i\u0161silavinim\u0105 ir kt.<\/p>\n<p>[\/vc_column_text][\/vc_column][\/vc_row][vc_row][vc_column]<div id=\"ultimate-heading-896269e34d58ae605\" class=\"uvc-heading ult-adjust-bottom-margin ultimate-heading-896269e34d58ae605 uvc-2821 \" data-hspacer=\"no_spacer\"  data-halign=\"center\" style=\"text-align:center\"><div class=\"uvc-heading-spacer no_spacer\" style=\"top\"><\/div><div class=\"uvc-main-heading ult-responsive\"  data-ultimate-target='.uvc-heading.ultimate-heading-896269e34d58ae605 h2'  data-responsive-json-new='{\"font-size\":\"desktop:24px;\",\"line-height\":\"desktop:34px;\"}' ><h2 style=\"font-weight:bold;margin-top:20px;margin-bottom:20px;\">Namai \u2026Kam atitenka ?<\/h2><\/div><\/div>[vc_column_text]<\/p>\n<p style=\"text-align: justify;\">\u0160iais atvejais vadovaujamasi kriterijumi , kad jei yra vaik\u0173, \u0161eimos b\u016bstas bus suteiktas sutuoktiniui, kuriam paskirta vaik\u0173 globa. Toks atvejis gali \u012fvykti net tada, kai sutuoktinis n\u0117ra b\u016bsto savininkas arba net tuo atveju, kai juo naudotis paskyr\u0117 kito sutuoktinio t\u0117vai.<\/p>\n<p>[\/vc_column_text][\/vc_column][\/vc_row][vc_row][vc_column]<div id=\"ultimate-heading-442969e34d58ae640\" class=\"uvc-heading ult-adjust-bottom-margin ultimate-heading-442969e34d58ae640 uvc-3040 \" data-hspacer=\"no_spacer\"  data-halign=\"center\" style=\"text-align:center\"><div class=\"uvc-heading-spacer no_spacer\" style=\"top\"><\/div><div class=\"uvc-main-heading ult-responsive\"  data-ultimate-target='.uvc-heading.ultimate-heading-442969e34d58ae640 h2'  data-responsive-json-new='{\"font-size\":\"desktop:24px;\",\"line-height\":\"desktop:34px;\"}' ><h2 style=\"font-weight:bold;margin-top:20px;margin-bottom:20px;\">Kokias i\u0161mokas reikia mok\u0117ti ?<\/h2><\/div><\/div>[vc_column_text]<\/p>\n<p style=\"text-align: justify;\">Jei yra vaik\u0173, globos neturintis sutuoktinis tur\u0117s mok\u0117ti alimentus savo nepilname\u010diams vaikams, kad pad\u0117t\u0173 juos i\u0161laikyti, suprantama pla\u010di\u0105ja prasme. Net ir vaikams sulaukus pilnametyst\u0117s, sutuoktinis privalo mok\u0117ti jiems i\u0161laikym\u0105 tol, kol jie neturi savo pragyvenimo l\u0117\u0161\u0173 (pavyzd\u017eiui, nes studijuoja).<\/p>\n<p style=\"text-align: justify;\">Kitam sutuoktiniui kompensuojamoji pensija gali b\u016bti nustatyta tuo atveju, jei po gyvenimo kartu i\u0161siskyrimo ar skyryb\u0173 jie lieka ai\u0161kiai nepalankioje ekonomin\u0117je pad\u0117tyje, d\u0117l kurios pablog\u0117ja pad\u0117tis nei prie\u0161 santuok\u0105. Akivaizd\u017eiai ma\u017eesn\u0117 nei kito sutuoktinio pajamos.<\/p>\n<p>[\/vc_column_text][\/vc_column][\/vc_row][vc_row][vc_column]<div id=\"ultimate-heading-131269e34d58ae677\" class=\"uvc-heading ult-adjust-bottom-margin ultimate-heading-131269e34d58ae677 uvc-3569 \" data-hspacer=\"no_spacer\"  data-halign=\"center\" style=\"text-align:center\"><div class=\"uvc-heading-spacer no_spacer\" style=\"top\"><\/div><div class=\"uvc-main-heading ult-responsive\"  data-ultimate-target='.uvc-heading.ultimate-heading-131269e34d58ae677 h2'  data-responsive-json-new='{\"font-size\":\"desktop:24px;\",\"line-height\":\"desktop:34px;\"}' ><h2 style=\"font-weight:bold;margin-top:20px;margin-bottom:20px;\">Kas nutinka jei nera mokami i\u0161laikymo alimentai ar skyryb\u0173 pensija?<\/h2><\/div><\/div>[vc_column_text]<\/p>\n<p style=\"text-align: justify;\">Du m\u0117nesius i\u0161 eil\u0117s arba keturis m\u0117nesius ne i\u0161 eil\u0117s nesumok\u0117jus aliment\u0173 vaikams ar kompensuojam\u0173j\u0173 pinig\u0173 sutuoktiniui yra nusikaltimas, u\u017e kur\u012f baud\u017eiama pagal dabartin\u012f Baud\u017eiam\u0105j\u012f kodeks\u0105.<\/p>\n<p>[\/vc_column_text][\/vc_column][\/vc_row]<\/p>\n<\/section>","protected":false},"excerpt":{"rendered":"<p>[vc_row][vc_column width=&#8221;2\/3&#8243;][vc_column_text] Ar b\u016btina i\u0161siskirti pries skyrybas: Po 2005 m. liepos m\u0117n. \u012fsigaliojusios \u012fstatym\u0173 reformos, norint nutraukti santuok\u0105, i\u0161ankstin\u0117 separacijos proced\u016bra nebereikalinga, o tik reikalaujama, kad nuo santuokos \u0161vent\u0117s b\u016bt\u0173 pra\u0117j\u0119 daugiau nei trys m\u0117nesiai. Nereikalingas nei \u0161is minimalus laikotarpis, kai yra naudojama prievarta prievarta. Kokios yra skyrybu prie\u017eastys? \u012egyvendinus nauj\u0105 reform\u0105, i\u0161nyko poreikis prie\u017eastimi&hellip;<\/p>\n","protected":false},"author":1,"featured_media":0,"parent":0,"menu_order":10,"comment_status":"closed","ping_status":"closed","template":"","meta":{"footnotes":""},"class_list":["post-58385","page","type-page","status-publish","hentry","description-off"],"aioseo_notices":[],"_links":{"self":[{"href":"https:\/\/davidlopezabogado.com\/lt\/wp-json\/wp\/v2\/pages\/58385","targetHints":{"allow":["GET"]}}],"collection":[{"href":"https:\/\/davidlopezabogado.com\/lt\/wp-json\/wp\/v2\/pages"}],"about":[{"href":"https:\/\/davidlopezabogado.com\/lt\/wp-json\/wp\/v2\/types\/page"}],"author":[{"embeddable":true,"href":"https:\/\/davidlopezabogado.com\/lt\/wp-json\/wp\/v2\/users\/1"}],"replies":[{"embeddable":true,"href":"https:\/\/davidlopezabogado.com\/lt\/wp-json\/wp\/v2\/comments?post=58385"}],"version-history":[{"count":9,"href":"https:\/\/davidlopezabogado.com\/lt\/wp-json\/wp\/v2\/pages\/58385\/revisions"}],"predecessor-version":[{"id":58533,"href":"https:\/\/davidlopezabogado.com\/lt\/wp-json\/wp\/v2\/pages\/58385\/revisions\/58533"}],"wp:attachment":[{"href":"https:\/\/davidlopezabogado.com\/lt\/wp-json\/wp\/v2\/media?parent=58385"}],"curies":[{"name":"wp","href":"https:\/\/api.w.org\/{rel}","templated":true}]}}