{"id":58378,"date":"2016-05-23T18:04:54","date_gmt":"2016-05-23T18:04:54","guid":{"rendered":"https:\/\/davidlopezabogado.com\/areas-de-ejercicio\/"},"modified":"2023-03-18T10:13:21","modified_gmt":"2023-03-18T10:13:21","slug":"praktikos-sritys","status":"publish","type":"page","link":"https:\/\/davidlopezabogado.com\/lt\/praktikos-sritys\/","title":{"rendered":"Praktikos sritys"},"content":{"rendered":"<section class=\"wpb-content-wrapper\"><p>[vc_row][vc_column width=&#8221;2\/3&#8243;]<div id=\"ultimate-heading-731269e5ebb8ba2c9\" class=\"uvc-heading ult-adjust-bottom-margin ultimate-heading-731269e5ebb8ba2c9 uvc-1091 \" data-hspacer=\"line_with_icon\" data-hline_width=\"auto\" data-hicon_type=\"selector\" data-hborder_style=\"solid\" data-hborder_height=\"1\" data-hborder_color=\"#ccc\" data-icon_width=\"32\" data-hfixer=\"10\"  data-halign=\"center\" style=\"text-align:center\"><div class=\"uvc-main-heading ult-responsive\"  data-ultimate-target='.uvc-heading.ultimate-heading-731269e5ebb8ba2c9 h2'  data-responsive-json-new='{\"font-size\":\"desktop:24px;\",\"line-height\":\"desktop:34px;\"}' ><h2 style=\"font-weight:bold;margin-bottom:20px;\">Sritys, kuriose galime jums patarti, yra \u0161ios:<\/h2><\/div><div class=\"uvc-heading-spacer line_with_icon\" style=\"topheight:32px;\"><div class=\"ult-just-icon-wrapper  \"><div class=\"align-icon\" style=\"text-align:center;\">\n<div class=\"aio-icon none \"  style=\"font-size:32px;display:inline-block;\">\n\t<i class=\"icomoon-brankic-32x32-justice\"><\/i>\n<\/div><\/div><\/div><\/div><\/div>[vc_column_text]<\/p>\n<ul>\n<li style=\"text-align: justify;\"><strong>Civilin\u0117 teis\u0117:<\/strong>\n<ul>\n<li>Prievol\u0117s ir sutartys<\/li>\n<li>\u017dala ir jos atlyginimas<\/li>\n<li>Palikimai ir testamentai<\/li>\n<li>Nuomos sutartys<\/li>\n<li>Pirkimo\/ pardavimo sutartys<\/li>\n<li>Horizontali nuosavyb\u0117\/asmenine ir bendroji nuosavybe<\/li>\n<li>\u017dalos atlyginimo i\u0161ie\u0161kojimas<\/li>\n<li>Eismo \u012fvykiai<\/li>\n<\/ul>\n<\/li>\n<li style=\"text-align: justify;\"><strong>\u0160eimos teis\u0117:<\/strong> Santuokos s\u0105jungos ir (arba) de facto s\u0105jungos, kartais pasibaigia d\u0117l vienos i\u0161 j\u0173 sudedam\u0173j\u0173 dali\u0173 arba abiej\u0173 apsisprendimo nebetesti sajungos. Del ko tai teisi\u0161kai yra laikoma skyryb\u0173 pagrindu bei atsiranda skyryb\u0173 apibr\u0117\u017eimas. .<\/li>\n<li><strong>Skyrybos:<\/strong> santuokos pripa\u017einimas negaliojan\u010dia.\n<ul>\n<li style=\"text-align: justify;\">Bendros \u012fmon\u0117s likvidavimas<\/li>\n<li style=\"text-align: justify;\">\u012evaikinimas ir glob\u0117j\u0173 skyrimas<\/li>\n<\/ul>\n<\/li>\n<\/ul>\n<p>[\/vc_column_text][\/vc_column][vc_column width=&#8221;1\/3&#8243;]<style type=\"text\/css\" data-type=\"the7_shortcodes-inline-css\">.shortcode-single-image-wrap.shortcode-single-image-3d9f358ba58d47823d5aad7e46292329.enable-bg-rollover .rollover i,\n.shortcode-single-image-wrap.shortcode-single-image-3d9f358ba58d47823d5aad7e46292329.enable-bg-rollover .rollover-video i {\n  background: -webkit-linear-gradient();\n  background: linear-gradient();\n}\n.shortcode-single-image-wrap.shortcode-single-image-3d9f358ba58d47823d5aad7e46292329 .rollover-icon {\n  font-size: 32px;\n  color: #ffffff;\n  min-width: 44px;\n  min-height: 44px;\n  line-height: 44px;\n  border-radius: 100px;\n  border-style: solid;\n  border-width: 0px;\n}\n.dt-icon-bg-on.shortcode-single-image-wrap.shortcode-single-image-3d9f358ba58d47823d5aad7e46292329 .rollover-icon {\n  background: rgba(255,255,255,0.3);\n  box-shadow: none;\n}\n<\/style><div class=\"shortcode-single-image-wrap shortcode-single-image-3d9f358ba58d47823d5aad7e46292329 alignnone  enable-bg-rollover dt-icon-bg-off\" style=\"margin-top:0px; margin-bottom:0px; margin-left:0px; margin-right:0px; width:600px;\" data-pretty-share=\"facebook,twitter,pinterest,linkedin\"><div class=\"shortcode-single-image\"><div class=\"fancy-media-wrap\" style=\"border-radius:20px;\"><a class=\"layzr-bg rollover rollover-zoom dt-pswp-item pswp-image\" href=\"https:\/\/davidlopezabogado.com\/wp-content\/uploads\/2023\/03\/IMG_3570-david-lopez-abogados-las-palmas.jpg\" title=\"David L\u00f3pez Abogados Las Palmas\" data-dt-img-description=\"\" data-large_image_width=\"768\" data-large_image_height = \"1024\"  style=\"border-radius:20px;\"><img loading=\"lazy\" decoding=\"async\" class=\"preload-me lazy-load\" src=\"data:image\/svg+xml,%3Csvg%20xmlns%3D&#39;http%3A%2F%2Fwww.w3.org%2F2000%2Fsvg&#39;%20viewBox%3D&#39;0%200%20600%20700&#39;%2F%3E\" data-src=\"https:\/\/davidlopezabogado.com\/wp-content\/uploads\/2023\/03\/IMG_3570-david-lopez-abogados-las-palmas-600x700.jpg\" data-srcset=\"https:\/\/davidlopezabogado.com\/wp-content\/uploads\/2023\/03\/IMG_3570-david-lopez-abogados-las-palmas-600x700.jpg 600w, https:\/\/davidlopezabogado.com\/wp-content\/uploads\/2023\/03\/IMG_3570-david-lopez-abogados-las-palmas-768x896.jpg 768w\" width=\"600\" height=\"700\"  data-dt-location=\"https:\/\/davidlopezabogado.com\/lt\/envira\/las-palmas-de-gran-canaria\/img_3570-david-lopez-abogados-las-palmas\/\" alt=\"David L\u00f3pez Abogados Las Palmas\" \/><\/a><\/div><\/div><\/div>[\/vc_column][\/vc_row]<\/p>\n<\/section>","protected":false},"excerpt":{"rendered":"<p>[vc_row][vc_column width=&#8221;2\/3&#8243;][vc_column_text] Civilin\u0117 teis\u0117: Prievol\u0117s ir sutartys \u017dala ir jos atlyginimas Palikimai ir testamentai Nuomos sutartys Pirkimo\/ pardavimo sutartys Horizontali nuosavyb\u0117\/asmenine ir bendroji nuosavybe \u017dalos atlyginimo i\u0161ie\u0161kojimas Eismo \u012fvykiai \u0160eimos teis\u0117: Santuokos s\u0105jungos ir (arba) de facto s\u0105jungos, kartais pasibaigia d\u0117l vienos i\u0161 j\u0173 sudedam\u0173j\u0173 dali\u0173 arba abiej\u0173 apsisprendimo nebetesti sajungos. Del ko tai teisi\u0161kai&hellip;<\/p>\n","protected":false},"author":1,"featured_media":0,"parent":0,"menu_order":10,"comment_status":"closed","ping_status":"closed","template":"","meta":{"footnotes":""},"class_list":["post-58378","page","type-page","status-publish","hentry","description-off"],"aioseo_notices":[],"_links":{"self":[{"href":"https:\/\/davidlopezabogado.com\/lt\/wp-json\/wp\/v2\/pages\/58378","targetHints":{"allow":["GET"]}}],"collection":[{"href":"https:\/\/davidlopezabogado.com\/lt\/wp-json\/wp\/v2\/pages"}],"about":[{"href":"https:\/\/davidlopezabogado.com\/lt\/wp-json\/wp\/v2\/types\/page"}],"author":[{"embeddable":true,"href":"https:\/\/davidlopezabogado.com\/lt\/wp-json\/wp\/v2\/users\/1"}],"replies":[{"embeddable":true,"href":"https:\/\/davidlopezabogado.com\/lt\/wp-json\/wp\/v2\/comments?post=58378"}],"version-history":[{"count":5,"href":"https:\/\/davidlopezabogado.com\/lt\/wp-json\/wp\/v2\/pages\/58378\/revisions"}],"predecessor-version":[{"id":58529,"href":"https:\/\/davidlopezabogado.com\/lt\/wp-json\/wp\/v2\/pages\/58378\/revisions\/58529"}],"wp:attachment":[{"href":"https:\/\/davidlopezabogado.com\/lt\/wp-json\/wp\/v2\/media?parent=58378"}],"curies":[{"name":"wp","href":"https:\/\/api.w.org\/{rel}","templated":true}]}}