{"id":58373,"date":"2014-04-23T14:50:39","date_gmt":"2014-04-23T14:50:39","guid":{"rendered":"https:\/\/davidlopezabogado.com\/la-firma\/"},"modified":"2023-03-15T10:31:03","modified_gmt":"2023-03-15T10:31:03","slug":"kontora","status":"publish","type":"page","link":"https:\/\/davidlopezabogado.com\/lt\/kontora\/","title":{"rendered":"Kontora"},"content":{"rendered":"<section class=\"wpb-content-wrapper\"><p>[vc_row content_placement=&#8221;middle&#8221; type=&#8221;vc_default&#8221; margin_bottom=&#8221;10&#8243; css=&#8221;.vc_custom_1573322132161{padding-top: 70px !important;padding-bottom: 40px !important;}&#8221;][vc_column width=&#8221;1\/2&#8243; offset=&#8221;vc_col-lg-7 vc_col-md-6 vc_col-xs-12&#8243; css=&#8221;.vc_custom_1573322674836{padding-bottom: 30px !important;}&#8221;]<style type=\"text\/css\" data-type=\"the7_shortcodes-inline-css\">.shortcode-single-image-wrap.shortcode-single-image-9a50811894575a92a1376c80e47d9fce.enable-bg-rollover .rollover i,\n.shortcode-single-image-wrap.shortcode-single-image-9a50811894575a92a1376c80e47d9fce.enable-bg-rollover .rollover-video i {\n  background: -webkit-linear-gradient();\n  background: linear-gradient();\n}\n.shortcode-single-image-wrap.shortcode-single-image-9a50811894575a92a1376c80e47d9fce .rollover-icon {\n  font-size: 32px;\n  color: #ffffff;\n  min-width: 44px;\n  min-height: 44px;\n  line-height: 44px;\n  border-radius: 100px;\n  border-style: solid;\n  border-width: 0px;\n}\n.dt-icon-bg-on.shortcode-single-image-wrap.shortcode-single-image-9a50811894575a92a1376c80e47d9fce .rollover-icon {\n  background: rgba(255,255,255,0.3);\n  box-shadow: none;\n}\n<\/style><div class=\"shortcode-single-image-wrap shortcode-single-image-9a50811894575a92a1376c80e47d9fce alignnone  enable-bg-rollover dt-icon-bg-off\" style=\"margin-top:0px; margin-bottom:0px; margin-left:0px; margin-right:0px;\" data-pretty-share=\"facebook,twitter,pinterest,linkedin\"><div class=\"shortcode-single-image\"><div class=\"fancy-media-wrap\" style=\"border-radius:20px;\"><a class=\"layzr-bg rollover rollover-zoom dt-pswp-item pswp-image\" href=\"https:\/\/davidlopezabogado.com\/wp-content\/uploads\/2023\/01\/lafirma2000.jpg\" title=\"Juzgados de Las Pamlas\" data-dt-img-description=\"\" data-large_image_width=\"1061\" data-large_image_height = \"1989\"  style=\"border-radius:20px;\"><img loading=\"lazy\" decoding=\"async\" class=\"preload-me lazy-load\" src=\"data:image\/svg+xml,%3Csvg%20xmlns%3D&#39;http%3A%2F%2Fwww.w3.org%2F2000%2Fsvg&#39;%20viewBox%3D&#39;0%200%20746%201400&#39;%2F%3E\" data-src=\"https:\/\/davidlopezabogado.com\/wp-content\/uploads\/2023\/01\/lafirma2000-746x1400.jpg\" data-srcset=\"https:\/\/davidlopezabogado.com\/wp-content\/uploads\/2023\/01\/lafirma2000-746x1400.jpg 746w, https:\/\/davidlopezabogado.com\/wp-content\/uploads\/2023\/01\/lafirma2000-1059x1988.jpg 1059w\" width=\"746\" height=\"1400\"  data-dt-location=\"https:\/\/davidlopezabogado.com\/lt\/la-firma\/lafirma2000\/\" alt=\"Juzgados de Las Pamlas\" \/><\/a><\/div><\/div><\/div>[\/vc_column][vc_column width=&#8221;1\/2&#8243; offset=&#8221;vc_col-lg-5 vc_col-md-6 vc_col-xs-12&#8243; css=&#8221;.vc_custom_1573322670722{padding-bottom: 30px !important;}&#8221;][vc_column_text css=&#8221;.vc_custom_1678301879758{padding-bottom: 20px !important;}&#8221;]<\/p>\n<h2>Advokat\u0173 kontora Gran Kanarijoje<\/h2>\n<p>[\/vc_column_text][vc_column_text]<\/p>\n<p style=\"text-align: justify;\"><strong>DAVID L\u00d3PEZ ABOGADOS<\/strong> yra daugiadisciplinin\u0117 advokat\u0173 kontora, kurios tikslas \u2013 teikti savo paslaugas tiek ispanijoje gyvenantiems , tiek tarptautiniams klientams i\u0161 vie\u0161ojo ar privataus sektoriaus, ie\u0161kantiems globali\u0173, ir individualizuot\u0173 profesionali\u0173 patarim\u0173.<br \/>\nJ\u0105 sudaro trys partneriai advokatai.<\/p>\n<p style=\"text-align: justify;\">Esame \u012fsik\u016br\u0119 Maspalomas ir Las Palmas miestuose, ta\u010diau teisininko profesijos sritis apima vis\u0105 Kanar\u0173 sal\u0173 autonomin\u0117s bendruomen\u0117s teritorij\u0105. J\u0105 sudarantys profesionalai praktikuoja nuo 1993 m., o \u012fmon\u0117 buvo \u012fkurta 1996 m.<\/p>\n<p style=\"text-align: justify;\">Suasmenintas, daugiakalbis d\u0117mesys, vis\u0173 m\u016bs\u0173 i\u0161tekli\u0173 atsidavimas konkre\u010diam atvejui ir \u012fsipareigojimas visapusi\u0161kai konsultuoti savo klientus daro <strong>DAVID L\u00d3PEZ ABOGADOS<\/strong> j\u016bs\u0173 pasitik\u0117jimo verta firma, pasirengusia teikti teisines konsultacijas su did\u017eiausiu profesionalumu m\u016bs\u0173 klientams.<\/p>\n<p style=\"text-align: justify;\"><strong>DAVID L\u00d3PEZ ABOGADOS<\/strong> tai veteran\u0173 advokat\u0173 kontora, dinami\u0161ka teisinink\u0173 komanda, turinti pa\u017eangiausias technologines priemones. Pa\u017eangiausios programin\u0117s \u012frangos, kompiuterin\u0117s \u012frangos ir telekomunikacijos.<\/p>\n<p style=\"text-align: justify;\">Siekiame pad\u0117ti savo klientams, su kuriais tapatinames , veiksmingai \u012fgyvendinti savo verslo tikslus. Tam <strong>DAVID L\u00d3PEZ ABOGADOS<\/strong> suteikia jums naujausias technologijas ir efektyvum\u0105, kur\u012f numato \u0161iuolaiki\u0161kas ir novatori\u0161kas j\u016bs\u0173 fail\u0173 apdorojimas.<\/p>\n<p style=\"text-align: justify;\"><strong>DAVID LOPEZ ADVOKATAI<\/strong> jums si\u016blo :<\/p>\n<p style=\"text-align: justify;\"><strong>a)<\/strong> Individualus ir artimas paslaugu teikimas.<\/p>\n<p style=\"text-align: justify;\"><strong>b)<\/strong> Online paslauga, leid\u017eianti lengvai steb\u0117ti vykstan\u010dius procesus i\u0161 bet kurios interneto<br \/>\nprieigos. Tokiu b\u016bdu b\u016bsite nuolat informuojami apie visus veiksmus, kuriuos atliekame j\u016bs\u0173 vardu, bei apie vykstan\u010di\u0105 pa\u017eang\u0105.<\/p>\n<p style=\"text-align: justify;\"><strong>c)<\/strong> Atsakymai \u012f j\u016bs\u0173 teisines u\u017eklausas per trump\u0105 laik\u0105 per \u201eNuomoni\u0173 ataskaitas\u201c, kuriose<br \/>\natsakoma \u012f teisinius klausimus ir ai\u0161kiai informuojama apie jus apiman\u010dias teisines galimybes, taip pat \u012fvertinamos s\u0117km\u0117s tikimyb\u0117s pagal m\u016bs\u0173 patirt\u012f ir patikrint\u0105 teism\u0173 praktik\u0105.<\/p>\n<p style=\"text-align: justify;\"><strong>d)<\/strong> Nauji papildymai bei pasikeitimai valstybiniu mastu, apie teis\u0117s akt\u0173 poky\u010dius, turin\u010dius<br \/>\n\u012ftakos j\u0173 verslui bei jo aplinkai.<\/p>\n<p>[\/vc_column_text][\/vc_column][\/vc_row]<\/p>\n<\/section>","protected":false},"excerpt":{"rendered":"<p>[vc_row content_placement=&#8221;middle&#8221; type=&#8221;vc_default&#8221; margin_bottom=&#8221;10&#8243; css=&#8221;.vc_custom_1573322132161{padding-top: 70px !important;padding-bottom: 40px !important;}&#8221;][vc_column width=&#8221;1\/2&#8243; offset=&#8221;vc_col-lg-7 vc_col-md-6 vc_col-xs-12&#8243; css=&#8221;.vc_custom_1573322674836{padding-bottom: 30px !important;}&#8221;][\/vc_column][vc_column width=&#8221;1\/2&#8243; offset=&#8221;vc_col-lg-5 vc_col-md-6 vc_col-xs-12&#8243; css=&#8221;.vc_custom_1573322670722{padding-bottom: 30px !important;}&#8221;][vc_column_text css=&#8221;.vc_custom_1678301879758{padding-bottom: 20px !important;}&#8221;] Advokat\u0173 kontora Gran Kanarijoje [\/vc_column_text][vc_column_text] DAVID L\u00d3PEZ ABOGADOS yra daugiadisciplinin\u0117 advokat\u0173 kontora, kurios tikslas \u2013 teikti savo paslaugas tiek ispanijoje gyvenantiems , tiek tarptautiniams klientams i\u0161 vie\u0161ojo ar privataus&hellip;<\/p>\n","protected":false},"author":1,"featured_media":0,"parent":0,"menu_order":40,"comment_status":"closed","ping_status":"closed","template":"","meta":{"footnotes":""},"class_list":["post-58373","page","type-page","status-publish","hentry","description-off"],"aioseo_notices":[],"_links":{"self":[{"href":"https:\/\/davidlopezabogado.com\/lt\/wp-json\/wp\/v2\/pages\/58373","targetHints":{"allow":["GET"]}}],"collection":[{"href":"https:\/\/davidlopezabogado.com\/lt\/wp-json\/wp\/v2\/pages"}],"about":[{"href":"https:\/\/davidlopezabogado.com\/lt\/wp-json\/wp\/v2\/types\/page"}],"author":[{"embeddable":true,"href":"https:\/\/davidlopezabogado.com\/lt\/wp-json\/wp\/v2\/users\/1"}],"replies":[{"embeddable":true,"href":"https:\/\/davidlopezabogado.com\/lt\/wp-json\/wp\/v2\/comments?post=58373"}],"version-history":[{"count":6,"href":"https:\/\/davidlopezabogado.com\/lt\/wp-json\/wp\/v2\/pages\/58373\/revisions"}],"predecessor-version":[{"id":58523,"href":"https:\/\/davidlopezabogado.com\/lt\/wp-json\/wp\/v2\/pages\/58373\/revisions\/58523"}],"wp:attachment":[{"href":"https:\/\/davidlopezabogado.com\/lt\/wp-json\/wp\/v2\/media?parent=58373"}],"curies":[{"name":"wp","href":"https:\/\/api.w.org\/{rel}","templated":true}]}}