{"id":57834,"date":"2016-05-23T18:04:54","date_gmt":"2016-05-23T18:04:54","guid":{"rendered":"https:\/\/davidlopezabogado.com\/areas-de-ejercicio\/"},"modified":"2023-03-18T10:12:41","modified_gmt":"2023-03-18T10:12:41","slug":"specificita-della-attivita","status":"publish","type":"page","link":"https:\/\/davidlopezabogado.com\/it\/specificita-della-attivita\/","title":{"rendered":"Specificit\u00e0 della attivit\u00e0"},"content":{"rendered":"<section class=\"wpb-content-wrapper\"><p>[vc_row][vc_column width=&#8221;2\/3&#8243;]<div id=\"ultimate-heading-448669e339394ba24\" class=\"uvc-heading ult-adjust-bottom-margin ultimate-heading-448669e339394ba24 uvc-2639 \" data-hspacer=\"no_spacer\"  data-halign=\"left\" style=\"text-align:left\"><div class=\"uvc-heading-spacer no_spacer\" style=\"top\"><\/div><div class=\"uvc-main-heading ult-responsive\"  data-ultimate-target='.uvc-heading.ultimate-heading-448669e339394ba24 h2'  data-responsive-json-new='{\"font-size\":\"desktop:24px;\",\"line-height\":\"desktop:34px;\"}' ><h2 style=\"font-weight:bold;margin-bottom:20px;\">Las \u00e1reas en que podemos asesorarle son las siguientes:<\/h2><\/div><\/div>[vc_column_text]<\/p>\n<ul>\n<li style=\"text-align: justify;\"><strong>Derecho Civil<\/strong>:\n<ul>\n<li>Obligaciones y contratos<\/li>\n<li>Da\u00f1os y perjuicios<\/li>\n<li>Herencias y testamentos<\/li>\n<li>Arrendamientos<\/li>\n<li>Compraventa<\/li>\n<li>Propiedad Horizontal<\/li>\n<li>Indemnizaciones de da\u00f1os y perjuicios<\/li>\n<li>Accidentes de tr\u00e1fico.<\/li>\n<\/ul>\n<\/li>\n<li style=\"text-align: justify;\"><strong>Derecho de familia<\/strong>: Las uniones matrimoniales y\/o las uniones de hecho, a veces, se llega por uno de sus componentes o por los dos, a poner fin a su continuidad. Para ello, legalmente, existen la figura del divorcio.<\/li>\n<li><strong>Divorcio:<\/strong> Anulaci\u00f3n del v\u00ednculo matrimonial.\n<ul>\n<li style=\"text-align: justify;\">Liquidaci\u00f3n sociedad de gananciales<\/li>\n<li style=\"text-align: justify;\">Adopciones y nombramiento de tutores.<\/li>\n<\/ul>\n<\/li>\n<\/ul>\n<p>[\/vc_column_text][\/vc_column][vc_column width=&#8221;1\/3&#8243;][vc_single_image image=&#8221;57702&#8243; img_size=&#8221;full&#8221; css=&#8221;.vc_custom_1676207764686{margin-bottom: 30px !important;}&#8221;][\/vc_column][\/vc_row]<\/p>\n<\/section>","protected":false},"excerpt":{"rendered":"<p>[vc_row][vc_column width=&#8221;2\/3&#8243;][vc_column_text] Derecho Civil: Obligaciones y contratos Da\u00f1os y perjuicios Herencias y testamentos Arrendamientos Compraventa Propiedad Horizontal Indemnizaciones de da\u00f1os y perjuicios Accidentes de tr\u00e1fico. Derecho de familia: Las uniones matrimoniales y\/o las uniones de hecho, a veces, se llega por uno de sus componentes o por los dos, a poner fin a su continuidad.&hellip;<\/p>\n","protected":false},"author":1,"featured_media":0,"parent":0,"menu_order":10,"comment_status":"closed","ping_status":"closed","template":"","meta":{"footnotes":""},"class_list":["post-57834","page","type-page","status-publish","hentry","description-off"],"aioseo_notices":[],"_links":{"self":[{"href":"https:\/\/davidlopezabogado.com\/it\/wp-json\/wp\/v2\/pages\/57834","targetHints":{"allow":["GET"]}}],"collection":[{"href":"https:\/\/davidlopezabogado.com\/it\/wp-json\/wp\/v2\/pages"}],"about":[{"href":"https:\/\/davidlopezabogado.com\/it\/wp-json\/wp\/v2\/types\/page"}],"author":[{"embeddable":true,"href":"https:\/\/davidlopezabogado.com\/it\/wp-json\/wp\/v2\/users\/1"}],"replies":[{"embeddable":true,"href":"https:\/\/davidlopezabogado.com\/it\/wp-json\/wp\/v2\/comments?post=57834"}],"version-history":[{"count":4,"href":"https:\/\/davidlopezabogado.com\/it\/wp-json\/wp\/v2\/pages\/57834\/revisions"}],"predecessor-version":[{"id":58528,"href":"https:\/\/davidlopezabogado.com\/it\/wp-json\/wp\/v2\/pages\/57834\/revisions\/58528"}],"wp:attachment":[{"href":"https:\/\/davidlopezabogado.com\/it\/wp-json\/wp\/v2\/media?parent=57834"}],"curies":[{"name":"wp","href":"https:\/\/api.w.org\/{rel}","templated":true}]}}