{"id":57736,"date":"2014-10-27T15:45:22","date_gmt":"2014-10-27T15:45:22","guid":{"rendered":"https:\/\/davidlopezabogado.com\/1-creative\/"},"modified":"2023-03-15T10:13:58","modified_gmt":"2023-03-15T10:13:58","slug":"1-creative","status":"publish","type":"page","link":"https:\/\/davidlopezabogado.com\/en\/","title":{"rendered":"Home"},"content":{"rendered":"<section class=\"wpb-content-wrapper\"><p>[vc_row equal_height=&#8221;yes&#8221; content_placement=&#8221;top&#8221; type=&#8221;vc_default&#8221; css=&#8221;.vc_custom_1573122585843{padding-top: 70px !important;padding-bottom: 20px !important;}&#8221;][vc_column]<div id=\"ultimate-heading-290269e321de0a091\" class=\"uvc-heading ult-adjust-bottom-margin ultimate-heading-290269e321de0a091 uvc-6324 accent-border-color color-title\" data-hspacer=\"line_only\"  data-halign=\"center\" style=\"text-align:center\"><div class=\"uvc-main-heading ult-responsive\"  data-ultimate-target='.uvc-heading.ultimate-heading-290269e321de0a091 h2'  data-responsive-json-new='{\"font-size\":\"desktop:30px;\",\"line-height\":\"desktop:40px;\"}' ><h2 style=\"font-weight:bold;margin-bottom:10px;\">The Law Firm in Gran Canaria<\/h2><\/div><div class=\"uvc-heading-spacer line_only\" style=\"margin-bottom:60px;height:3px;\"><span class=\"uvc-headings-line\" style=\"border-style:solid;border-bottom-width:3px;border-color:#ccc;width:100px;\"><\/span><\/div><\/div>[\/vc_column][vc_column width=&#8221;2\/3&#8243; offset=&#8221;vc_col-lg-offset-0 vc_col-lg-6 vc_col-md-offset-0 vc_col-md-6 vc_col-sm-offset-2 vc_col-xs-12&#8243; css=&#8221;.vc_custom_1573122573221{padding-bottom: 50px !important;}&#8221;]<div id=\"ultimate-heading-322869e321de0a114\" class=\"uvc-heading ult-adjust-bottom-margin ultimate-heading-322869e321de0a114 uvc-897 \" data-hspacer=\"no_spacer\"  data-halign=\"left\" style=\"text-align:left\"><div class=\"uvc-heading-spacer no_spacer\" style=\"top\"><\/div><div class=\"uvc-main-heading ult-responsive\"  data-ultimate-target='.uvc-heading.ultimate-heading-322869e321de0a114 h4'  data-responsive-json-new='{\"font-size\":\"\",\"line-height\":\"\"}' ><h4 style=\"font-weight:bold;margin-bottom:20px;\">Lawyers in Las Palmas de Gran Canaria<\/h4><\/div><div class=\"uvc-sub-heading ult-responsive\"  data-ultimate-target='.uvc-heading.ultimate-heading-322869e321de0a114 .uvc-sub-heading '  data-responsive-json-new='{\"font-size\":\"\",\"line-height\":\"\"}'  style=\"font-weight:normal;margin-bottom:20px;\"><\/p>\n<p style=\"text-align: justify;\"><b><span data-contrast=\"none\">DAVID LOPEZ ABOGADOS<\/span><\/b><span data-contrast=\"none\"> is a multidisciplinary firm with the aim of providing its services to both national and international clients, from the public or private sector, who are looking for global, satisfactory and personalized professional advice. It is made up of three partner lawyers.\u00a0<\/span><span data-ccp-props=\"{&quot;335551550&quot;:6,&quot;335551620&quot;:6,&quot;335559738&quot;:100,&quot;335559739&quot;:100}\">\u00a0<\/span><\/p>\n<p style=\"text-align: justify;\"><span data-contrast=\"none\">We are located in Maspalomas and in Las Palmas de Gran Canaria. As lawyers, we are active in the entire territorial area of the autonomous Canarian community. The lawyers employed in the office have been in practiced since 1993 with the office being set up in 1996.\u00a0<\/span><span data-ccp-props=\"{&quot;335551550&quot;:6,&quot;335551620&quot;:6,&quot;335559738&quot;:100,&quot;335559739&quot;:100}\">\u00a0<\/span><\/p>\n<p style=\"text-align: justify;\"><span class=\"NormalTextRun SCXW143209975 BCX0\">Our office is especially open to all the <\/span><span class=\"NormalTextRun SCXW143209975 BCX0\">new technologies<\/span><span class=\"NormalTextRun SCXW143209975 BCX0\">; we work in many languages and concentrate on business law, but of course do not forget the need for advice to the private individual. <\/span><\/p>\n<p><\/div><\/div><style type=\"text\/css\" data-type=\"the7_shortcodes-inline-css\">#default-btn-1588216f5a29a7ae7a8222cc76f956a9.ico-right-side > i {\n  margin-right: 0px;\n  margin-left: 8px;\n}\n#default-btn-1588216f5a29a7ae7a8222cc76f956a9 > i {\n  margin-right: 8px;\n}\n<\/style><a href=\"https:\/\/davidlopezabogado.com\/en\/the-company\/\" class=\"default-btn-shortcode dt-btn dt-btn-s link-hover-off btn-inline-left \" id=\"default-btn-1588216f5a29a7ae7a8222cc76f956a9\" title=\"Seguir leyendo\"><span>Read More<\/span><\/a>[\/vc_column][vc_column width=&#8221;2\/3&#8243; offset=&#8221;vc_col-lg-offset-0 vc_col-lg-6 vc_col-md-offset-0 vc_col-md-6 vc_col-sm-offset-2 vc_col-xs-12&#8243; css=&#8221;.vc_custom_1573122577898{padding-bottom: 50px !important;}&#8221;]<style type=\"text\/css\" data-type=\"the7_shortcodes-inline-css\">.shortcode-single-image-wrap.shortcode-single-image-76f471dad48450cd0ffd962479e56e17.enable-bg-rollover .rollover i,\n.shortcode-single-image-wrap.shortcode-single-image-76f471dad48450cd0ffd962479e56e17.enable-bg-rollover .rollover-video i {\n  background: -webkit-linear-gradient();\n  background: linear-gradient();\n}\n.shortcode-single-image-wrap.shortcode-single-image-76f471dad48450cd0ffd962479e56e17 .rollover-icon {\n  font-size: 32px;\n  color: #ffffff;\n  min-width: 44px;\n  min-height: 44px;\n  line-height: 44px;\n  border-radius: 100px;\n  border-style: solid;\n  border-width: 0px;\n}\n.dt-icon-bg-on.shortcode-single-image-wrap.shortcode-single-image-76f471dad48450cd0ffd962479e56e17 .rollover-icon {\n  background: rgba(255,255,255,0.3);\n  box-shadow: none;\n}\n<\/style><div class=\"shortcode-single-image-wrap shortcode-single-image-76f471dad48450cd0ffd962479e56e17 alignnone  enable-bg-rollover dt-icon-bg-off\" style=\"margin-top:0px; margin-bottom:0px; margin-left:0px; margin-right:0px; width:500px;\" data-pretty-share=\"facebook,twitter,pinterest,linkedin\"><div class=\"shortcode-single-image\"><div class=\"fancy-media-wrap\" style=\"\"><a class=\"layzr-bg rollover rollover-zoom dt-pswp-item pswp-image\" href=\"https:\/\/davidlopezabogado.com\/wp-content\/uploads\/2023\/03\/justicia-las-palmas.jpg\" title=\"justicia-las-palmas\" data-dt-img-description=\"\" data-large_image_width=\"900\" data-large_image_height = \"506\"  style=\"\"><img loading=\"lazy\" decoding=\"async\" class=\"preload-me lazy-load\" src=\"data:image\/svg+xml,%3Csvg%20xmlns%3D&#39;http%3A%2F%2Fwww.w3.org%2F2000%2Fsvg&#39;%20viewBox%3D&#39;0%200%20500%20500&#39;%2F%3E\" data-src=\"https:\/\/davidlopezabogado.com\/wp-content\/uploads\/2023\/03\/justicia-las-palmas-500x500.jpg\" data-srcset=\"https:\/\/davidlopezabogado.com\/wp-content\/uploads\/2023\/03\/justicia-las-palmas-500x500.jpg 500w, https:\/\/davidlopezabogado.com\/wp-content\/uploads\/2023\/03\/justicia-las-palmas-506x506.jpg 506w\" width=\"500\" height=\"500\"  data-dt-location=\"https:\/\/davidlopezabogado.com\/en\/1-creative\/justicia-las-palmas-2\/\" alt=\"\" \/><\/a><\/div><\/div><\/div>[\/vc_column][\/vc_row][vc_row full_width=&#8221;stretch_row&#8221; equal_height=&#8221;yes&#8221; bg_type=&#8221;image&#8221; parallax_style=&#8221;vcpb-default&#8221; bg_image_new=&#8221;id^57647|url^https:\/\/davidlopezabogado.com\/wp-content\/uploads\/2023\/02\/fondo.jpg|caption^null|alt^null|title^fondo|description^null&#8221; bg_image_repeat=&#8221;no-repeat&#8221; margin_top=&#8221;55&#8243; margin_bottom=&#8221;45&#8243; type=&#8221;vc_default&#8221; css=&#8221;.vc_custom_1676135787002{padding-top: 70px !important;padding-bottom: 30px !important;background-color: rgba(0,0,0,0.04) !important;*background-color: rgb(0,0,0) !important;}&#8221;][vc_column]<div id=\"ultimate-heading-774369e321de0b752\" class=\"uvc-heading ult-adjust-bottom-margin ultimate-heading-774369e321de0b752 uvc-2899 accent-border-color color-title\" data-hspacer=\"line_only\"  data-halign=\"center\" style=\"text-align:center\"><div class=\"uvc-main-heading ult-responsive\"  data-ultimate-target='.uvc-heading.ultimate-heading-774369e321de0b752 h2'  data-responsive-json-new='{\"font-size\":\"desktop:30px;\",\"line-height\":\"desktop:40px;\"}' ><h2 style=\"font-weight:bold;color:#ffffff;margin-bottom:10px;\">Areas in which we can advise you:<\/h2><\/div><div class=\"uvc-sub-heading ult-responsive\"  data-ultimate-target='.uvc-heading.ultimate-heading-774369e321de0b752 .uvc-sub-heading '  data-responsive-json-new='{\"font-size\":\"desktop:22px;\",\"line-height\":\"desktop:28px;\"}'  style=\"font-weight:bold;color:#ffffff;\">Civil Law, Obligations and Contracts, Damages, Inheritance and Wills, Leases, Purchase and Sale, Damages, Traffic Accidents, Family Law, Divorce and more.<\/div><div class=\"uvc-heading-spacer line_only\" style=\"margin-bottom:60px;height:3px;\"><span class=\"uvc-headings-line\" style=\"border-style:solid;border-bottom-width:3px;border-color:#ffffff;width:100px;\"><\/span><\/div><\/div>[\/vc_column][\/vc_row][vc_row css=&#8221;.vc_custom_1675550773902{padding-top: 60px !important;padding-bottom: 60px !important;}&#8221;][vc_column]<style type=\"text\/css\" data-type=\"the7_shortcodes-inline-css\">.dt-team-shortcode.team-masonry-shortcode-id-a790b56a3c63ffec996fea41847c524a .team-desc {\n  padding: 20px 20px 20px 20px;\n}\n.dt-team-shortcode.team-masonry-shortcode-id-a790b56a3c63ffec996fea41847c524a .team-author-name,\n.dt-team-shortcode.team-masonry-shortcode-id-a790b56a3c63ffec996fea41847c524a .team-author-name a {\n  margin-bottom: 0px;\n  font-weight: bold;\n}\n.dt-team-shortcode.team-masonry-shortcode-id-a790b56a3c63ffec996fea41847c524a .team-author p {\n  margin-bottom: 10px;\n  font-weight: bold;\n}\n.dt-team-shortcode.team-masonry-shortcode-id-a790b56a3c63ffec996fea41847c524a  .team-media {\n  padding: 0px 0px 0px 0px;\n}\n.dt-team-shortcode.team-masonry-shortcode-id-a790b56a3c63ffec996fea41847c524a .dt-css-grid .team-media img {\n  max-width: 100%;\n}\n.dt-team-shortcode.team-masonry-shortcode-id-a790b56a3c63ffec996fea41847c524a .team-content {\n  margin-bottom: 5px;\n}\n.dt-team-shortcode.team-masonry-shortcode-id-a790b56a3c63ffec996fea41847c524a  .team-media,\n.dt-team-shortcode.team-masonry-shortcode-id-a790b56a3c63ffec996fea41847c524a  .team-media a.rollover,\n.dt-team-shortcode.team-masonry-shortcode-id-a790b56a3c63ffec996fea41847c524a  .team-media a.rollover *,\n.dt-team-shortcode.team-masonry-shortcode-id-a790b56a3c63ffec996fea41847c524a  .team-media img {\n  border-radius: 0px;\n}\n.dt-team-shortcode.team-masonry-shortcode-id-a790b56a3c63ffec996fea41847c524a .soc-ico {\n  margin-bottom: 15px;\n}\n.dt-team-shortcode.team-masonry-shortcode-id-a790b56a3c63ffec996fea41847c524a .soc-ico a {\n  min-width: 26px;\n  min-height: 26px;\n  font-size: 16px;\n  border-radius: 100px;\n}\n.dt-team-shortcode.team-masonry-shortcode-id-a790b56a3c63ffec996fea41847c524a .soc-ico a:not(:last-child) {\n  margin-right: 4px;\n}\n.dt-team-shortcode.team-masonry-shortcode-id-a790b56a3c63ffec996fea41847c524a .soc-ico a:before,\n.dt-team-shortcode.team-masonry-shortcode-id-a790b56a3c63ffec996fea41847c524a .soc-ico a:after {\n  min-width: 26px;\n  min-height: 26px;\n  padding: inherit;\n}\n.dt-icon-border-on.dt-team-shortcode.team-masonry-shortcode-id-a790b56a3c63ffec996fea41847c524a .soc-ico a:before {\n  border: 0px solid transparent;\n}\n.dt-team-shortcode.team-masonry-shortcode-id-a790b56a3c63ffec996fea41847c524a .soc-ico a:hover {\n  font-size: 16px;\n}\n#page .dt-team-shortcode.team-masonry-shortcode-id-a790b56a3c63ffec996fea41847c524a .soc-ico a:hover .soc-font-icon {\n  color: rgba(255,255,255,0.75);\n  background: none;\n}\n.dt-icon-border-hover-on.dt-team-shortcode.team-masonry-shortcode-id-a790b56a3c63ffec996fea41847c524a .soc-ico a:after {\n  border: 0px solid transparent;\n}\n#page .dt-team-shortcode.team-masonry-shortcode-id-a790b56a3c63ffec996fea41847c524a .soc-ico a:not(:hover) .soc-font-icon {\n  color: #ffffff;\n  background: none;\n}\n.dt-team-shortcode.team-masonry-shortcode-id-a790b56a3c63ffec996fea41847c524a .soc-ico a .soc-font-icon {\n  font-size: 16px;\n}\n.dt-team-shortcode.team-masonry-shortcode-id-a790b56a3c63ffec996fea41847c524a .filter-bg-decoration .filter-categories a.act {\n  color: #fff;\n}\n.dt-team-shortcode.team-masonry-shortcode-id-a790b56a3c63ffec996fea41847c524a:not(.resize-by-browser-width) .dt-css-grid {\n  grid-row-gap: 30px;\n  grid-column-gap: 30px;\n  grid-template-columns: repeat(auto-fill,minmax(,1fr));\n}\n.cssgridlegacy.no-cssgrid .dt-team-shortcode.team-masonry-shortcode-id-a790b56a3c63ffec996fea41847c524a:not(.resize-by-browser-width) .dt-css-grid,\n.no-cssgridlegacy.no-cssgrid .dt-team-shortcode.team-masonry-shortcode-id-a790b56a3c63ffec996fea41847c524a:not(.resize-by-browser-width) .dt-css-grid {\n  display: flex;\n  flex-flow: row wrap;\n  margin: -15px;\n}\n.cssgridlegacy.no-cssgrid .dt-team-shortcode.team-masonry-shortcode-id-a790b56a3c63ffec996fea41847c524a:not(.resize-by-browser-width) .dt-css-grid .wf-cell,\n.no-cssgridlegacy.no-cssgrid .dt-team-shortcode.team-masonry-shortcode-id-a790b56a3c63ffec996fea41847c524a:not(.resize-by-browser-width) .dt-css-grid .wf-cell {\n  flex: 1 0 ;\n  max-width: 100%;\n  padding: 15px;\n  box-sizing: border-box;\n}\n.dt-team-shortcode.team-masonry-shortcode-id-a790b56a3c63ffec996fea41847c524a.resize-by-browser-width .dt-css-grid {\n  grid-template-columns: repeat(3,1fr);\n  grid-template-rows: auto;\n  grid-column-gap: 30px;\n  grid-row-gap: 30px;\n}\n.cssgridlegacy.no-cssgrid .dt-team-shortcode.team-masonry-shortcode-id-a790b56a3c63ffec996fea41847c524a.resize-by-browser-width .dt-css-grid,\n.no-cssgridlegacy.no-cssgrid .dt-team-shortcode.team-masonry-shortcode-id-a790b56a3c63ffec996fea41847c524a.resize-by-browser-width .dt-css-grid {\n  margin: -15px;\n}\n.cssgridlegacy.no-cssgrid .dt-team-shortcode.team-masonry-shortcode-id-a790b56a3c63ffec996fea41847c524a.resize-by-browser-width .dt-css-grid .wf-cell,\n.no-cssgridlegacy.no-cssgrid .dt-team-shortcode.team-masonry-shortcode-id-a790b56a3c63ffec996fea41847c524a.resize-by-browser-width .dt-css-grid .wf-cell {\n  width: 33.333333333333%;\n  padding: 15px;\n}\n@media screen and (max-width: 1199px) {\n  .dt-team-shortcode.team-masonry-shortcode-id-a790b56a3c63ffec996fea41847c524a.resize-by-browser-width .dt-css-grid {\n    grid-template-columns: repeat(3,1fr);\n  }\n  .cssgridlegacy.no-cssgrid .dt-team-shortcode.team-masonry-shortcode-id-a790b56a3c63ffec996fea41847c524a.resize-by-browser-width .dt-css-grid .wf-cell,\n  .no-cssgridlegacy.no-cssgrid .dt-team-shortcode.team-masonry-shortcode-id-a790b56a3c63ffec996fea41847c524a.resize-by-browser-width .dt-css-grid .wf-cell {\n    width: 33.333333333333%;\n  }\n}\n@media screen and (max-width: 991px) {\n  .dt-team-shortcode.team-masonry-shortcode-id-a790b56a3c63ffec996fea41847c524a.resize-by-browser-width .dt-css-grid {\n    grid-template-columns: repeat(2,1fr);\n  }\n  .cssgridlegacy.no-cssgrid .dt-team-shortcode.team-masonry-shortcode-id-a790b56a3c63ffec996fea41847c524a.resize-by-browser-width .dt-css-grid .wf-cell,\n  .no-cssgridlegacy.no-cssgrid .dt-team-shortcode.team-masonry-shortcode-id-a790b56a3c63ffec996fea41847c524a.resize-by-browser-width .dt-css-grid .wf-cell {\n    width: 50%;\n  }\n}\n@media screen and (max-width: 767px) {\n  .dt-team-shortcode.team-masonry-shortcode-id-a790b56a3c63ffec996fea41847c524a.resize-by-browser-width .dt-css-grid {\n    grid-template-columns: repeat(1,1fr);\n  }\n  .cssgridlegacy.no-cssgrid .dt-team-shortcode.team-masonry-shortcode-id-a790b56a3c63ffec996fea41847c524a.resize-by-browser-width .dt-css-grid .wf-cell,\n  .no-cssgridlegacy.no-cssgrid .dt-team-shortcode.team-masonry-shortcode-id-a790b56a3c63ffec996fea41847c524a.resize-by-browser-width .dt-css-grid .wf-cell {\n    width: 100%;\n  }\n}\n<\/style><div class=\"dt-team-masonry-shortcode dt-team-shortcode team-masonry-shortcode-id-a790b56a3c63ffec996fea41847c524a loading-effect-none mode-grid jquery-filter content-align-center content-bg-on dt-css-grid-wrap scale-img dt-css-grid-wrap dt-icon-bg-on dt-icon-border-on dt-icon-hover-bg-on dt-icon-border-hover-on move-icons-under-position resize-by-browser-width  \" data-padding=\"15px\" data-cur-page=\"1\" data-post-limit=\"-1\" data-pagination-mode=\"none\" data-desktop-columns-num=\"3\" data-v-tablet-columns-num=\"2\" data-h-tablet-columns-num=\"3\" data-phone-columns-num=\"1\" data-width=\"0px\" data-columns=\"0\"><div class=\"dt-css-grid\" ><div class=\"visible wf-cell\" data-post-id=\"57762\" data-date=\"2018-01-25T15:25:51+00:00\" data-name=\"Cristina L\u00f3pez Carmona\"><div class=\"team-container visible post post-57762 dt_team type-dt_team status-publish has-post-thumbnail hentry\"><div class=\"team-media\"><a href=\"https:\/\/davidlopezabogado.com\/en\/dt_team\/cristina-lopez-carmona\/\" class=\"rollover layzr-bg\"><img loading=\"lazy\" decoding=\"async\" class=\"preload-me iso-lazy-load\" src=\"data:image\/svg+xml,%3Csvg%20xmlns%3D&#39;http%3A%2F%2Fwww.w3.org%2F2000%2Fsvg&#39;%20viewBox%3D&#39;0%200%20800%20800&#39;%2F%3E\" data-src=\"https:\/\/davidlopezabogado.com\/wp-content\/uploads\/2018\/01\/cristina2.jpg\" data-srcset=\"https:\/\/davidlopezabogado.com\/wp-content\/uploads\/2018\/01\/cristina2.jpg 800w\" width=\"800\" height=\"800\"  title=\"Cristina\" alt=\"Cristina\" \/><\/a><\/div><div class=\"team-desc\"><div class=\"team-author\"><div class=\"team-author-name\"><a href=\"https:\/\/davidlopezabogado.com\/en\/dt_team\/cristina-lopez-carmona\/\">Cristina L\u00f3pez Carmona<\/a><\/div><p>Civil law specialist<\/p><\/div><div class=\"team-content\"><p style=\"text-align: justify;\">Ms. Cristina L\u00f3pez Carmona. Cristina L\u00f3pez Carmona is a collaborator of the firm and has thirty years of professional experience in the practice of law. A specialist in civil law, she also practices in the areas of family, criminal and administrative law. She can also advise in English.<\/p>\n<\/div>\n<a href=\"https:\/\/davidlopezabogado.com\/en\/dt_team\/cristina-lopez-carmona\/\" class=\"post-details details-type-link\" aria-label=\"Read more about Cristina L\u00f3pez Carmona\">View Details<i class=\"dt-icon-the7-arrow-03\" aria-hidden=\"true\"><\/i><\/a>\n<\/div><\/div><\/div><div class=\"visible wf-cell\" data-post-id=\"57764\" data-date=\"2018-01-25T15:24:09+00:00\" data-name=\"Sebasti\u00e1n P\u00e9rez Hern\u00e1ndez\"><div class=\"team-container visible post post-57764 dt_team type-dt_team status-publish has-post-thumbnail hentry\"><div class=\"team-media\"><a href=\"https:\/\/davidlopezabogado.com\/en\/dt_team\/sebastian-perez-hernandez\/\" class=\"rollover layzr-bg\"><img loading=\"lazy\" decoding=\"async\" class=\"preload-me iso-lazy-load\" src=\"data:image\/svg+xml,%3Csvg%20xmlns%3D&#39;http%3A%2F%2Fwww.w3.org%2F2000%2Fsvg&#39;%20viewBox%3D&#39;0%200%20800%20800&#39;%2F%3E\" data-src=\"https:\/\/davidlopezabogado.com\/wp-content\/uploads\/2018\/01\/SEBASTIAN.jpg\" data-srcset=\"https:\/\/davidlopezabogado.com\/wp-content\/uploads\/2018\/01\/SEBASTIAN.jpg 800w\" width=\"800\" height=\"800\"  title=\"Sebastian\" alt=\"\" \/><\/a><\/div><div class=\"team-desc\"><div class=\"team-author\"><div class=\"team-author-name\"><a href=\"https:\/\/davidlopezabogado.com\/en\/dt_team\/sebastian-perez-hernandez\/\">Sebasti\u00e1n P\u00e9rez Hern\u00e1ndez<\/a><\/div><p>Director of the Criminal Law Department<\/p><\/div><div class=\"team-content\"><p style=\"text-align: justify;\">Mr. Sebasti\u00e1n P\u00e9rez Hern\u00e1ndez is the director of the Criminal Law Department of DAVID L\u00d3PEZ ABOGADOS with more than twenty-eight years of professional experience in the practice of law, since 1994.<\/p>\n<\/div>\n<a href=\"https:\/\/davidlopezabogado.com\/en\/dt_team\/sebastian-perez-hernandez\/\" class=\"post-details details-type-link\" aria-label=\"Read more about Sebasti\u00e1n P\u00e9rez Hern\u00e1ndez\">View Details<i class=\"dt-icon-the7-arrow-03\" aria-hidden=\"true\"><\/i><\/a>\n<\/div><\/div><\/div><div class=\"visible wf-cell\" data-post-id=\"57766\" data-date=\"2018-01-25T15:23:37+00:00\" data-name=\"David L\u00f3pez Carmona\"><div class=\"team-container visible post post-57766 dt_team type-dt_team status-publish has-post-thumbnail hentry\"><div class=\"team-media\"><a href=\"https:\/\/davidlopezabogado.com\/en\/dt_team\/david-lopez\/\" class=\"rollover layzr-bg\"><img loading=\"lazy\" decoding=\"async\" class=\"preload-me iso-lazy-load\" src=\"data:image\/svg+xml,%3Csvg%20xmlns%3D&#39;http%3A%2F%2Fwww.w3.org%2F2000%2Fsvg&#39;%20viewBox%3D&#39;0%200%20800%20800&#39;%2F%3E\" data-src=\"https:\/\/davidlopezabogado.com\/wp-content\/uploads\/2018\/01\/DAVID.jpg\" data-srcset=\"https:\/\/davidlopezabogado.com\/wp-content\/uploads\/2018\/01\/DAVID.jpg 800w\" width=\"800\" height=\"800\"  title=\"David\" alt=\"\" \/><\/a><\/div><div class=\"team-desc\"><div class=\"team-author\"><div class=\"team-author-name\"><a href=\"https:\/\/davidlopezabogado.com\/en\/dt_team\/david-lopez\/\">David L\u00f3pez Carmona<\/a><\/div><p>Civil and commercial law<\/p><\/div><div class=\"team-content\"><p style=\"text-align: justify;\">Mr. J. David L\u00f3pez Carmona has thirty years of professional experience in the practice of law. He is a specialist in civil and commercial law and insolvency administrator. He can also advise in English and German.<\/p>\n<\/div>\n<a href=\"https:\/\/davidlopezabogado.com\/en\/dt_team\/david-lopez\/\" class=\"post-details details-type-link\" aria-label=\"Read more about David L\u00f3pez Carmona\">View Details<i class=\"dt-icon-the7-arrow-03\" aria-hidden=\"true\"><\/i><\/a>\n<\/div><\/div><\/div><\/div><!-- iso-container|iso-grid --><\/div>[\/vc_column][\/vc_row][vc_row][vc_column]\n<div id=\"interactive-banner-1-wrap-3114\" class=\"ult-banner-block ult-adjust-bottom-margin ult-bb-none  banner-style01 \"   style=\"\">\n\t<div class=\"mask opaque-background\" style=\"background:#242424;\">\n\t\t<div  data-ultimate-target='#interactive-banner-1-wrap-3114 .bb-description'  data-responsive-json-new='{\"font-size\":\"\",\"line-height\":\"\"}'  class=\"bb-description ult-responsive\" style=\"font-weight:normal;color:#ffffff;\"><\/div>\n\t<\/div>\n<\/div>[\/vc_column][\/vc_row]<\/p>\n<\/section>","protected":false},"excerpt":{"rendered":"<p>[vc_row equal_height=&#8221;yes&#8221; content_placement=&#8221;top&#8221; type=&#8221;vc_default&#8221; css=&#8221;.vc_custom_1573122585843{padding-top: 70px !important;padding-bottom: 20px !important;}&#8221;][vc_column][\/vc_column][vc_column width=&#8221;2\/3&#8243; offset=&#8221;vc_col-lg-offset-0 vc_col-lg-6 vc_col-md-offset-0 vc_col-md-6 vc_col-sm-offset-2 vc_col-xs-12&#8243; css=&#8221;.vc_custom_1573122573221{padding-bottom: 50px !important;}&#8221;][\/vc_column][vc_column width=&#8221;2\/3&#8243; offset=&#8221;vc_col-lg-offset-0 vc_col-lg-6 vc_col-md-offset-0 vc_col-md-6 vc_col-sm-offset-2 vc_col-xs-12&#8243; css=&#8221;.vc_custom_1573122577898{padding-bottom: 50px !important;}&#8221;][\/vc_column][\/vc_row][vc_row full_width=&#8221;stretch_row&#8221; equal_height=&#8221;yes&#8221; bg_type=&#8221;image&#8221; parallax_style=&#8221;vcpb-default&#8221; bg_image_new=&#8221;id^57647|url^https:\/\/davidlopezabogado.com\/wp-content\/uploads\/2023\/02\/fondo.jpg|caption^null|alt^null|title^fondo|description^null&#8221; bg_image_repeat=&#8221;no-repeat&#8221; margin_top=&#8221;55&#8243; margin_bottom=&#8221;45&#8243; type=&#8221;vc_default&#8221; css=&#8221;.vc_custom_1676135787002{padding-top: 70px !important;padding-bottom: 30px !important;background-color: rgba(0,0,0,0.04) !important;*background-color: rgb(0,0,0) !important;}&#8221;][vc_column][\/vc_column][\/vc_row][vc_row css=&#8221;.vc_custom_1675550773902{padding-top: 60px !important;padding-bottom: 60px !important;}&#8221;][vc_column][\/vc_column][\/vc_row][vc_row][vc_column][\/vc_column][\/vc_row]<\/p>\n","protected":false},"author":1,"featured_media":0,"parent":0,"menu_order":1,"comment_status":"closed","ping_status":"closed","template":"","meta":{"footnotes":""},"class_list":["post-57736","page","type-page","status-publish","hentry","description-off"],"aioseo_notices":[],"_links":{"self":[{"href":"https:\/\/davidlopezabogado.com\/en\/wp-json\/wp\/v2\/pages\/57736","targetHints":{"allow":["GET"]}}],"collection":[{"href":"https:\/\/davidlopezabogado.com\/en\/wp-json\/wp\/v2\/pages"}],"about":[{"href":"https:\/\/davidlopezabogado.com\/en\/wp-json\/wp\/v2\/types\/page"}],"author":[{"embeddable":true,"href":"https:\/\/davidlopezabogado.com\/en\/wp-json\/wp\/v2\/users\/1"}],"replies":[{"embeddable":true,"href":"https:\/\/davidlopezabogado.com\/en\/wp-json\/wp\/v2\/comments?post=57736"}],"version-history":[{"count":14,"href":"https:\/\/davidlopezabogado.com\/en\/wp-json\/wp\/v2\/pages\/57736\/revisions"}],"predecessor-version":[{"id":58515,"href":"https:\/\/davidlopezabogado.com\/en\/wp-json\/wp\/v2\/pages\/57736\/revisions\/58515"}],"wp:attachment":[{"href":"https:\/\/davidlopezabogado.com\/en\/wp-json\/wp\/v2\/media?parent=57736"}],"curies":[{"name":"wp","href":"https:\/\/api.w.org\/{rel}","templated":true}]}}