{"id":57836,"date":"2014-04-23T14:50:39","date_gmt":"2014-04-23T14:50:39","guid":{"rendered":"https:\/\/davidlopezabogado.com\/la-firma\/"},"modified":"2023-03-15T10:29:58","modified_gmt":"2023-03-15T10:29:58","slug":"die-firmierung","status":"publish","type":"page","link":"https:\/\/davidlopezabogado.com\/de\/die-firmierung\/","title":{"rendered":"Die Firmierung"},"content":{"rendered":"<section class=\"wpb-content-wrapper\"><p>[vc_row content_placement=&#8220;middle&#8220; type=&#8220;vc_default&#8220; margin_bottom=&#8220;10&#8243; css=&#8220;.vc_custom_1573322132161{padding-top: 70px !important;padding-bottom: 40px !important;}&#8220;][vc_column width=&#8220;1\/2&#8243; offset=&#8220;vc_col-lg-7 vc_col-md-6 vc_col-xs-12&#8243; css=&#8220;.vc_custom_1573322674836{padding-bottom: 30px !important;}&#8220;]<style type=\"text\/css\" data-type=\"the7_shortcodes-inline-css\">.shortcode-single-image-wrap.shortcode-single-image-45b38d7d4cde76843abcdae3bf7535de.enable-bg-rollover .rollover i,\n.shortcode-single-image-wrap.shortcode-single-image-45b38d7d4cde76843abcdae3bf7535de.enable-bg-rollover .rollover-video i {\n  background: -webkit-linear-gradient();\n  background: linear-gradient();\n}\n.shortcode-single-image-wrap.shortcode-single-image-45b38d7d4cde76843abcdae3bf7535de .rollover-icon {\n  font-size: 32px;\n  color: #ffffff;\n  min-width: 44px;\n  min-height: 44px;\n  line-height: 44px;\n  border-radius: 100px;\n  border-style: solid;\n  border-width: 0px;\n}\n.dt-icon-bg-on.shortcode-single-image-wrap.shortcode-single-image-45b38d7d4cde76843abcdae3bf7535de .rollover-icon {\n  background: rgba(255,255,255,0.3);\n  box-shadow: none;\n}\n<\/style><div class=\"shortcode-single-image-wrap shortcode-single-image-45b38d7d4cde76843abcdae3bf7535de alignnone  enable-bg-rollover dt-icon-bg-off\" style=\"margin-top:0px; margin-bottom:0px; margin-left:0px; margin-right:0px; width:600px;\" data-pretty-share=\"facebook,twitter,pinterest,linkedin\"><div class=\"shortcode-single-image\"><div class=\"fancy-media-wrap  layzr-bg\" style=\"\"><img loading=\"lazy\" decoding=\"async\" class=\"preload-me lazy-load\" src=\"data:image\/svg+xml,%3Csvg%20xmlns%3D&#39;http%3A%2F%2Fwww.w3.org%2F2000%2Fsvg&#39;%20viewBox%3D&#39;0%200%20600%20500&#39;%2F%3E\" data-src=\"https:\/\/davidlopezabogado.com\/wp-content\/uploads\/2023\/01\/lafirma2000-600x500.jpg\" data-srcset=\"https:\/\/davidlopezabogado.com\/wp-content\/uploads\/2023\/01\/lafirma2000-600x500.jpg 600w, https:\/\/davidlopezabogado.com\/wp-content\/uploads\/2023\/01\/lafirma2000-1061x884.jpg 1061w\" width=\"600\" height=\"500\"  data-dt-location=\"https:\/\/davidlopezabogado.com\/de\/la-firma\/lafirma2000\/\" style=\"\" alt=\"Juzgados de Las Pamlas\" \/><\/div><\/div><\/div>[\/vc_column][vc_column width=&#8220;1\/2&#8243; offset=&#8220;vc_col-lg-5 vc_col-md-6 vc_col-xs-12&#8243; css=&#8220;.vc_custom_1573322670722{padding-bottom: 30px !important;}&#8220;][vc_column_text css=&#8220;.vc_custom_1678401522278{padding-bottom: 20px !important;}&#8220;]<\/p>\n<h2>Die Anwaltskanzlei auf Gran Canaria<\/h2>\n<p>[\/vc_column_text][vc_column_text]<\/p>\n<p style=\"text-align: justify;\"><strong>DAVID LOPEZ ABOGADOS<\/strong> ist ein multidisziplin\u00e4res Unternehmen mit dem Ziel, seine Dienstleistungen sowohl nationalen als auch internationalen Kunden aus dem \u00f6ffentlichen oder privaten Sektor anzubieten, die eine globale, zufriedenstellende und personalisierte professionelle Beratung suchen. Sie besteht aus drei Partneranw\u00e4lten.<\/p>\n<p style=\"text-align: justify;\">Wir befinden uns in Maspalomas und in Las Palmas de Gran Canaria. Als Rechtsanw\u00e4lte sind wir im gesamten territorialen Bereich der Autonomen Kanarischen Gemeinschaft t\u00e4tig. Die Anw\u00e4lte, aus denen sich die Kanzlei zusammensetzt, \u00fcben ihren Beruf seit 1993 aus, wobei die Kanzlei im Jahre 1996 gegr\u00fcndet wurde.<\/p>\n<p>[\/vc_column_text][\/vc_column][\/vc_row][vc_row][vc_column]<div id=\"ultimate-heading-997169e34dc76bd60\" class=\"uvc-heading ult-adjust-bottom-margin ultimate-heading-997169e34dc76bd60 uvc-4995 \" data-hspacer=\"line_with_icon\" data-hline_width=\"auto\" data-hicon_type=\"selector\" data-hborder_style=\"solid\" data-hborder_height=\"1\" data-hborder_color=\"#ccc\" data-icon_width=\"32\" data-hfixer=\"10\"  data-halign=\"center\" style=\"text-align:center\"><div class=\"uvc-main-heading ult-responsive\"  data-ultimate-target='.uvc-heading.ultimate-heading-997169e34dc76bd60 h2'  data-responsive-json-new='{\"font-size\":\"desktop:24px;\",\"line-height\":\"desktop:34px;\"}' ><h2 style=\"font-weight:bold;margin-bottom:20px;\">Fachgebiete bei der Anwaltst\u00e4tigkeit<\/h2><\/div><div class=\"uvc-heading-spacer line_with_icon\" style=\"topheight:32px;\"><div class=\"ult-just-icon-wrapper  \"><div class=\"align-icon\" style=\"text-align:center;\">\n<div class=\"aio-icon none \"  style=\"font-size:32px;display:inline-block;\">\n\t<i class=\"icomoon-brankic-32x32-justice\"><\/i>\n<\/div><\/div><\/div><\/div><\/div>[\/vc_column][\/vc_row][vc_row css=&#8220;.vc_custom_1677614248436{padding-bottom: 40px !important;}&#8220;][vc_column][vc_column_text]Unsere Kanzlei ist insbesondere gegen\u00fcber allen neuen Technologien offen, wir arbeiten mehrsprachig und konzentrieren uns auf Unternehmensrecht, aber vergessen\u00a0 selbstverst\u00e4ndlich nicht die Beratungsnotwendigkeit bei der Privatperson. Bei den Fachgebieten, in die wir speziell beraten k\u00f6nnen, handelt es sich um die nachfolgend aufgef\u00fchrten:<\/p>\n<ul>\n<li><strong>Zivilrecht<\/strong>:\n<ul>\n<li>Vertrags- und Schuldrecht<\/li>\n<li>Schadensf\u00e4lle<\/li>\n<li>Erbschaftsrecht und letztwillige Verf\u00fcgungen<\/li>\n<li>Mietrecht<\/li>\n<li>K\u00e4ufe und Verk\u00e4ufe<\/li>\n<li>Wohnungseigentum<\/li>\n<li>Schadensersatz<\/li>\n<li><u>Verkehrsunf\u00e4lle<\/u><\/li>\n<\/ul>\n<\/li>\n<li><strong>\u00a0Familienrecht<\/strong>:\n<ul>\n<li>Scheidungen, Trennungen und Annullierungen<\/li>\n<li>Aufl\u00f6sung von Zugewinngemeinschaften<\/li>\n<li>Adoptionen und Pflegschafts- und Vormundschaftsverfahren<\/li>\n<\/ul>\n<\/li>\n<li><strong>Strafrecht<\/strong>:\n<ul>\n<li>Vorermittlungs- und Strafverfahren ( Betreuung bzw. Beratung in Haft- und Arrestf\u00e4llen )<\/li>\n<li>Beratung, Vertretung bei Eil- bzw. abgek\u00fcrzten Verfahren, Einzelrichter<\/li>\n<li>Schwurgerichtsprozesse.<\/li>\n<\/ul>\n<\/li>\n<li><strong>Handelsrecht<\/strong>:\n<ul>\n<li>Beratung von Unternehmen ( Vertr\u00e4ge, Forderungen von Geldbetr\u00e4gen, Insolvenzverfahren, Gr\u00fcndung von Gesellschaften )<\/li>\n<li>Exklusive Vertriebsvertr\u00e4ge<\/li>\n<li>Schadensersatzforderungen wegen Aufl\u00f6sung von Agenturvertr\u00e4gen<\/li>\n<li>Vertriebsangelegenheiten<\/li>\n<li>Franchise<\/li>\n<\/ul>\n<\/li>\n<li><strong>Verwaltungsrecht<\/strong>:\n<ul>\n<li>Einspr\u00fcche vor \u00f6ffentlichen Verwaltungen<\/li>\n<li>Sanktionsverfahren<\/li>\n<li>Ausl\u00e4nderrecht ( Aufenthaltsgenehmigungen, Staatsb\u00fcrgerschaften, Ausweisungsverfahren,&#8230; )<\/li>\n<\/ul>\n<\/li>\n<li><strong>Urbanisierungsrecht<\/strong>.<\/li>\n<li><strong>Verwaltungsgerichtsbarkeit<\/strong>:\n<ul>\n<li>Einreichung der Klage und Weiterverfolgung aller Prozessschritte bis zum Urteil<\/li>\n<li><\/li>\n<\/ul>\n<\/li>\n<li><strong>Internationales Recht.<\/strong>\n<ul>\n<li>Vollstreckbarkeitserkl\u00e4rung und Vollstreckung von Urteilen ausl\u00e4ndischer Gerichte in Anwendung der Internationalen Vereinbarungen<\/li>\n<\/ul>\n<\/li>\n<\/ul>\n<p><strong>Inkasso<\/strong><\/p>\n<p>Unsere Kanzlei bietet seit ihrer Gr\u00fcndung eine Dienstleistung an, die als Antwort auf die Forderung aller modernen Unternehmen nach einem dynamischen Beratungssystem bei der Wiederbeschaffung von Kreditr\u00fcckzahlungen s\u00e4umiger Zahler verstanden sein m\u00f6chte. Unsere umfangreiche Erfahrung auf diesem Sektor und die spezielle Ausbildung der Mitarbeiter unserer\u00a0 Soziet\u00e4t garantieren ein derartiges Beratungssystem im Rahmen einer absoluten Vertraulichkeit.<\/p>\n<p><strong>DAVID LOPEZ ABOGADOS<\/strong> bietet eine breite Palette von Dienstleistungen an, bei der Beratung zur Wiederbeschaffung von kleinen Darlehen angefangen bis zu Konkursverfahren (Einstellung von Zahlungen, Vergleichen, etc.):<\/p>\n<p><strong>Aussergerichtliche Vergleiche<\/strong><\/p>\n<p><strong>Gerichtliche Einigungen<\/strong><\/p>\n<ul>\n<li>Kontaktieren des Schuldners<\/li>\n<li>Rechtsberatung, Verfassung von aussergerichtlichen Vereinbarungen zur Tilgung der Verbindlichkeit und ggfs. Begr\u00fcndung von Sicherheiten<\/li>\n<li>\u00dcberwachung der Erf\u00fcllung von Zahlungsversprechungen und Zahlungsvereinbarungen<\/li>\n<li>Detailierte Information des Klienten mittels regelm\u00e4ssiger Berichte \u00fcber den Sachstand und die Entwicklung des \u00fcbernommenen Auftrages<\/li>\n<\/ul>\n<p>Bei Ersch\u00f6pfung des aussergerichtlichen Einigungsversuches bestehen unsere Dienstleistungen aus dem Nachfolgenden:<\/p>\n<ul>\n<li>Erlangung von Infomationen bez\u00fcglich der Solvenz<\/li>\n<li>Solvenzanalyse des Schuldners und Durchf\u00fchrbarkeitsstudie von m\u00f6glichen gerichtlichen Massnahmen<\/li>\n<li>Bearbeitung von allen Gerichtsverfahren zur Beitreibung von ausstehenden Kreditr\u00fcckzahlungen, von der Feststellungsklage\u00a0 bei der Forderung von Geldbetr\u00e4gen im Rahmen von Konkurs- bzw. konkurs\u00e4hnlichen Verfahren angefangen(Zahlungseinstellungen, Konkursanmeldungen)<\/li>\n<li>Koordination und Zusammenarbeit mit allen anderen Beteiligten beim Verfahren, wie z.B. Prozessbevollm\u00e4chtigten, Sachverst\u00e4ndigen, Buchpr\u00fcfern, Notaren, ..<\/li>\n<li>Detailierte Information des Klienten mittels regelm\u00e4ssiger Berichte \u00fcber den Sachstand und die Entwicklung des \u00fcbernommenen Auftrages<\/li>\n<\/ul>\n<p>[\/vc_column_text][\/vc_column][\/vc_row]<\/p>\n<\/section>","protected":false},"excerpt":{"rendered":"<p>[vc_row content_placement=&#8220;middle&#8220; type=&#8220;vc_default&#8220; margin_bottom=&#8220;10&#8243; css=&#8220;.vc_custom_1573322132161{padding-top: 70px !important;padding-bottom: 40px !important;}&#8220;][vc_column width=&#8220;1\/2&#8243; offset=&#8220;vc_col-lg-7 vc_col-md-6 vc_col-xs-12&#8243; css=&#8220;.vc_custom_1573322674836{padding-bottom: 30px !important;}&#8220;][\/vc_column][vc_column width=&#8220;1\/2&#8243; offset=&#8220;vc_col-lg-5 vc_col-md-6 vc_col-xs-12&#8243; css=&#8220;.vc_custom_1573322670722{padding-bottom: 30px !important;}&#8220;][vc_column_text css=&#8220;.vc_custom_1678401522278{padding-bottom: 20px !important;}&#8220;] Die Anwaltskanzlei auf Gran Canaria [\/vc_column_text][vc_column_text] DAVID LOPEZ ABOGADOS ist ein multidisziplin\u00e4res Unternehmen mit dem Ziel, seine Dienstleistungen sowohl nationalen als auch internationalen Kunden aus dem \u00f6ffentlichen oder privaten&hellip;<\/p>\n","protected":false},"author":1,"featured_media":0,"parent":0,"menu_order":40,"comment_status":"closed","ping_status":"closed","template":"","meta":{"footnotes":""},"class_list":["post-57836","page","type-page","status-publish","hentry","description-off"],"aioseo_notices":[],"_links":{"self":[{"href":"https:\/\/davidlopezabogado.com\/de\/wp-json\/wp\/v2\/pages\/57836","targetHints":{"allow":["GET"]}}],"collection":[{"href":"https:\/\/davidlopezabogado.com\/de\/wp-json\/wp\/v2\/pages"}],"about":[{"href":"https:\/\/davidlopezabogado.com\/de\/wp-json\/wp\/v2\/types\/page"}],"author":[{"embeddable":true,"href":"https:\/\/davidlopezabogado.com\/de\/wp-json\/wp\/v2\/users\/1"}],"replies":[{"embeddable":true,"href":"https:\/\/davidlopezabogado.com\/de\/wp-json\/wp\/v2\/comments?post=57836"}],"version-history":[{"count":16,"href":"https:\/\/davidlopezabogado.com\/de\/wp-json\/wp\/v2\/pages\/57836\/revisions"}],"predecessor-version":[{"id":58521,"href":"https:\/\/davidlopezabogado.com\/de\/wp-json\/wp\/v2\/pages\/57836\/revisions\/58521"}],"wp:attachment":[{"href":"https:\/\/davidlopezabogado.com\/de\/wp-json\/wp\/v2\/media?parent=57836"}],"curies":[{"name":"wp","href":"https:\/\/api.w.org\/{rel}","templated":true}]}}