{"id":57832,"date":"2016-05-23T18:04:54","date_gmt":"2016-05-23T18:04:54","guid":{"rendered":"https:\/\/davidlopezabogado.com\/areas-de-ejercicio\/"},"modified":"2023-03-18T09:55:43","modified_gmt":"2023-03-18T09:55:43","slug":"fachgebiete","status":"publish","type":"page","link":"https:\/\/davidlopezabogado.com\/de\/fachgebiete\/","title":{"rendered":"Fachgebiete"},"content":{"rendered":"<section class=\"wpb-content-wrapper\"><p>[vc_row][vc_column width=&#8220;2\/3&#8243;]<div id=\"ultimate-heading-520269e5e765a169b\" class=\"uvc-heading ult-adjust-bottom-margin ultimate-heading-520269e5e765a169b uvc-119 \" data-hspacer=\"no_spacer\"  data-halign=\"left\" style=\"text-align:left\"><div class=\"uvc-heading-spacer no_spacer\" style=\"top\"><\/div><div class=\"uvc-main-heading ult-responsive\"  data-ultimate-target='.uvc-heading.ultimate-heading-520269e5e765a169b h2'  data-responsive-json-new='{\"font-size\":\"desktop:24px;\",\"line-height\":\"desktop:34px;\"}' ><h2 style=\"font-weight:bold;margin-bottom:20px;\">Fachgebiete bei der Anwaltst\u00e4tigkeit<\/h2><\/div><\/div>[vc_column_text]<\/p>\n<ul>\n<li>Unsere Kanzlei ist insbesondere gegen\u00fcber allen neuen Technologien offen, wir arbeiten mehrsprachig und konzentrieren uns auf Unternehmensrecht, aber vergessen\u00a0 selbstverst\u00e4ndlich nicht die Beratungsnotwendigkeit bei der Privatperson. Bei den Fachgebieten, in die wir speziell beraten k\u00f6nnen, handelt es sich um die nachfolgend aufgef\u00fchrten:\n<ul>\n<li style=\"text-align: justify;\"><strong>Zivilrecht<\/strong>:\n<ul>\n<li>Vertrags- und Schuldrecht<\/li>\n<li>Schadensf\u00e4lle<\/li>\n<li>Erbschaftsrecht und letztwillige Verf\u00fcgungen<\/li>\n<li>Mietrecht<\/li>\n<li>K\u00e4ufe und Verk\u00e4ufe<\/li>\n<li>Wohnungseigentum<\/li>\n<li>Schadensersatz<\/li>\n<li>Verkehrsunf\u00e4lle<\/li>\n<\/ul>\n<\/li>\n<li style=\"text-align: justify;\"><strong>\u00a0Familienrecht<\/strong>:\n<ul>\n<li>Scheidungen, Trennungen und Annullierungen<\/li>\n<li>Aufl\u00f6sung von Zugewinngemeinschaften<\/li>\n<li>Adoptionen und Pflegschafts- und Vormundschaftsverfahren<\/li>\n<\/ul>\n<\/li>\n<li style=\"text-align: justify;\"><strong>Strafrecht<\/strong>:\n<ul>\n<li>Vorermittlungs- und Strafverfahren ( Betreuung bzw. Beratung in Haft- und Arrestf\u00e4llen )<\/li>\n<li>Beratung, Vertretung bei Eil- bzw. abgek\u00fcrzten Verfahren, Einzelrichter<\/li>\n<li>Schwurgerichtsprozesse<\/li>\n<\/ul>\n<\/li>\n<li style=\"text-align: justify;\"><strong>Handelsrecht<\/strong>:\n<ul>\n<li>Beratung von Unternehmen ( Vertr\u00e4ge, Forderungen von Geldbetr\u00e4gen, Insolvenzverfahren, Gr\u00fcndung von Gesellschaften )<\/li>\n<li>Exklusive Vertriebsvertr\u00e4ge<\/li>\n<li>Schadensersatzforderungen wegen Aufl\u00f6sung von Agenturvertr\u00e4gen<\/li>\n<li>Vertriebsangelegenheiten<\/li>\n<li>Franchise<\/li>\n<\/ul>\n<\/li>\n<li style=\"text-align: justify;\"><strong>Verwaltungsrecht<\/strong>:\n<ul>\n<li>Einspr\u00fcche vor \u00f6ffentlichen Verwaltungen<\/li>\n<li>Sanktionsverfahren<\/li>\n<li>Ausl\u00e4nderrecht ( Aufenthaltsgenehmigungen, Staatsb\u00fcrgerschaften, Ausweisungsverfahren,&#8230; )<\/li>\n<\/ul>\n<\/li>\n<li style=\"text-align: justify;\"><strong>Urbanisierungsrecht<\/strong>.<\/li>\n<li style=\"text-align: justify;\"><strong>Verwaltungsgerichtsbarkeit<\/strong>:\n<ul>\n<li>Einreichung der Klage und Weiterverfolgung aller Prozessschritte bis zum Urteil<\/li>\n<\/ul>\n<\/li>\n<li><strong>Internationales Recht.<\/strong>\n<ul>\n<li style=\"text-align: justify;\">Vollstreckbarkeitserkl\u00e4rung und Vollstreckung von Urteilen ausl\u00e4ndischer Gerichte in Anwendung der Internationalen Vereinbarungen<\/li>\n<\/ul>\n<\/li>\n<\/ul>\n<\/li>\n<\/ul>\n<p>[\/vc_column_text][\/vc_column][vc_column width=&#8220;1\/3&#8243;][vc_single_image image=&#8220;57702&#8243; img_size=&#8220;full&#8220; css=&#8220;.vc_custom_1676207764686{margin-bottom: 30px !important;}&#8220;][\/vc_column][\/vc_row]<\/p>\n<\/section>","protected":false},"excerpt":{"rendered":"<p>[vc_row][vc_column width=&#8220;2\/3&#8243;][vc_column_text] Unsere Kanzlei ist insbesondere gegen\u00fcber allen neuen Technologien offen, wir arbeiten mehrsprachig und konzentrieren uns auf Unternehmensrecht, aber vergessen\u00a0 selbstverst\u00e4ndlich nicht die Beratungsnotwendigkeit bei der Privatperson. Bei den Fachgebieten, in die wir speziell beraten k\u00f6nnen, handelt es sich um die nachfolgend aufgef\u00fchrten: Zivilrecht: Vertrags- und Schuldrecht Schadensf\u00e4lle Erbschaftsrecht und letztwillige Verf\u00fcgungen Mietrecht K\u00e4ufe&hellip;<\/p>\n","protected":false},"author":1,"featured_media":0,"parent":0,"menu_order":10,"comment_status":"closed","ping_status":"closed","template":"","meta":{"footnotes":""},"class_list":["post-57832","page","type-page","status-publish","hentry","description-off"],"aioseo_notices":[],"_links":{"self":[{"href":"https:\/\/davidlopezabogado.com\/de\/wp-json\/wp\/v2\/pages\/57832","targetHints":{"allow":["GET"]}}],"collection":[{"href":"https:\/\/davidlopezabogado.com\/de\/wp-json\/wp\/v2\/pages"}],"about":[{"href":"https:\/\/davidlopezabogado.com\/de\/wp-json\/wp\/v2\/types\/page"}],"author":[{"embeddable":true,"href":"https:\/\/davidlopezabogado.com\/de\/wp-json\/wp\/v2\/users\/1"}],"replies":[{"embeddable":true,"href":"https:\/\/davidlopezabogado.com\/de\/wp-json\/wp\/v2\/comments?post=57832"}],"version-history":[{"count":5,"href":"https:\/\/davidlopezabogado.com\/de\/wp-json\/wp\/v2\/pages\/57832\/revisions"}],"predecessor-version":[{"id":58527,"href":"https:\/\/davidlopezabogado.com\/de\/wp-json\/wp\/v2\/pages\/57832\/revisions\/58527"}],"wp:attachment":[{"href":"https:\/\/davidlopezabogado.com\/de\/wp-json\/wp\/v2\/media?parent=57832"}],"curies":[{"name":"wp","href":"https:\/\/api.w.org\/{rel}","templated":true}]}}