{"id":57826,"date":"2014-10-27T15:45:22","date_gmt":"2014-10-27T15:45:22","guid":{"rendered":"https:\/\/davidlopezabogado.com\/1-creative\/"},"modified":"2023-03-15T10:14:29","modified_gmt":"2023-03-15T10:14:29","slug":"1-creative","status":"publish","type":"page","link":"https:\/\/davidlopezabogado.com\/de\/","title":{"rendered":"Startseite"},"content":{"rendered":"<section class=\"wpb-content-wrapper\"><p>[vc_row equal_height=&#8220;yes&#8220; content_placement=&#8220;top&#8220; type=&#8220;vc_default&#8220; css=&#8220;.vc_custom_1573122585843{padding-top: 70px !important;padding-bottom: 20px !important;}&#8220;][vc_column]<div id=\"ultimate-heading-138469e321f722c7a\" class=\"uvc-heading ult-adjust-bottom-margin ultimate-heading-138469e321f722c7a uvc-6430 accent-border-color color-title\" data-hspacer=\"line_only\"  data-halign=\"center\" style=\"text-align:center\"><div class=\"uvc-main-heading ult-responsive\"  data-ultimate-target='.uvc-heading.ultimate-heading-138469e321f722c7a h2'  data-responsive-json-new='{\"font-size\":\"desktop:30px;\",\"line-height\":\"desktop:40px;\"}' ><h2 style=\"font-weight:bold;margin-bottom:10px;\">Die Firmierung der Anw\u00e4lte auf Gran Canaria<\/h2><\/div><div class=\"uvc-heading-spacer line_only\" style=\"margin-bottom:60px;height:3px;\"><span class=\"uvc-headings-line\" style=\"border-style:solid;border-bottom-width:3px;border-color:#ccc;width:100px;\"><\/span><\/div><\/div>[\/vc_column][vc_column width=&#8220;2\/3&#8243; offset=&#8220;vc_col-lg-offset-0 vc_col-lg-6 vc_col-md-offset-0 vc_col-md-6 vc_col-sm-offset-2 vc_col-xs-12&#8243; css=&#8220;.vc_custom_1573122573221{padding-bottom: 50px !important;}&#8220;]<div id=\"ultimate-heading-964769e321f722ccd\" class=\"uvc-heading ult-adjust-bottom-margin ultimate-heading-964769e321f722ccd uvc-3667 \" data-hspacer=\"no_spacer\"  data-halign=\"left\" style=\"text-align:left\"><div class=\"uvc-heading-spacer no_spacer\" style=\"top\"><\/div><div class=\"uvc-main-heading ult-responsive\"  data-ultimate-target='.uvc-heading.ultimate-heading-964769e321f722ccd h4'  data-responsive-json-new='{\"font-size\":\"\",\"line-height\":\"\"}' ><h4 style=\"font-weight:bold;margin-bottom:20px;\">Anw\u00e4lte in Las Palmas de Gran Canaria<\/h4><\/div><div class=\"uvc-sub-heading ult-responsive\"  data-ultimate-target='.uvc-heading.ultimate-heading-964769e321f722ccd .uvc-sub-heading '  data-responsive-json-new='{\"font-size\":\"\",\"line-height\":\"\"}'  style=\"font-weight:normal;margin-bottom:20px;\"><\/p>\n<p style=\"text-align: justify;\"><strong>DAVID LOPEZ ABOGADOS<\/strong> ist ein multidisziplin\u00e4res Unternehmen mit dem Ziel, seine Dienstleistungen sowohl nationalen als auch internationalen Kunden aus dem \u00f6ffentlichen oder privaten Sektor anzubieten, die eine globale, zufriedenstellende und personalisierte professionelle Beratung suchen. Sie besteht aus drei Partneranw\u00e4lten.<\/p>\n<p style=\"text-align: justify;\">Wir befinden uns in Maspalomas und in Las Palmas de Gran Canaria. Als Rechtsanw\u00e4lte sind wir im gesamten territorialen Bereich der Autonomen Kanarischen Gemeinschaft t\u00e4tig. Die Anw\u00e4lte, aus denen sich die Kanzlei zusammensetzt, \u00fcben ihren Beruf seit 1993 aus, wobei die Kanzlei im Jahre 1996 gegr\u00fcndet wurde.<\/p>\n<p><\/div><\/div><style type=\"text\/css\" data-type=\"the7_shortcodes-inline-css\">#default-btn-1919f4fddaceb74d9f4f3d04e17c627f.ico-right-side > i {\n  margin-right: 0px;\n  margin-left: 8px;\n}\n#default-btn-1919f4fddaceb74d9f4f3d04e17c627f > i {\n  margin-right: 8px;\n}\n<\/style><a href=\"https:\/\/davidlopezabogado.com\/de\/die-firmierung\/\" class=\"default-btn-shortcode dt-btn dt-btn-s link-hover-off btn-inline-left \" id=\"default-btn-1919f4fddaceb74d9f4f3d04e17c627f\" title=\"Die Firmierung\"><span>Mehr lesen<\/span><\/a>[\/vc_column][vc_column width=&#8220;2\/3&#8243; offset=&#8220;vc_col-lg-offset-0 vc_col-lg-6 vc_col-md-offset-0 vc_col-md-6 vc_col-sm-offset-2 vc_col-xs-12&#8243; css=&#8220;.vc_custom_1573122577898{padding-bottom: 50px !important;}&#8220;]<style type=\"text\/css\" data-type=\"the7_shortcodes-inline-css\">.shortcode-single-image-wrap.shortcode-single-image-f015fe3ee2a6960bf8073192e69b5469.enable-bg-rollover .rollover i,\n.shortcode-single-image-wrap.shortcode-single-image-f015fe3ee2a6960bf8073192e69b5469.enable-bg-rollover .rollover-video i {\n  background: -webkit-linear-gradient();\n  background: linear-gradient();\n}\n.shortcode-single-image-wrap.shortcode-single-image-f015fe3ee2a6960bf8073192e69b5469 .rollover-icon {\n  font-size: 32px;\n  color: #ffffff;\n  min-width: 44px;\n  min-height: 44px;\n  line-height: 44px;\n  border-radius: 100px;\n  border-style: solid;\n  border-width: 0px;\n}\n.dt-icon-bg-on.shortcode-single-image-wrap.shortcode-single-image-f015fe3ee2a6960bf8073192e69b5469 .rollover-icon {\n  background: rgba(255,255,255,0.3);\n  box-shadow: none;\n}\n<\/style><div class=\"shortcode-single-image-wrap shortcode-single-image-f015fe3ee2a6960bf8073192e69b5469 alignnone  enable-bg-rollover dt-icon-bg-off\" style=\"margin-top:0px; margin-bottom:0px; margin-left:0px; margin-right:0px; width:500px;\" data-pretty-share=\"facebook,twitter,pinterest,linkedin\"><div class=\"shortcode-single-image\"><div class=\"fancy-media-wrap\" style=\"\"><a class=\"layzr-bg rollover rollover-zoom dt-pswp-item pswp-image\" href=\"https:\/\/davidlopezabogado.com\/wp-content\/uploads\/2023\/03\/justicia-las-palmas.jpg\" title=\"justicia-las-palmas\" data-dt-img-description=\"\" data-large_image_width=\"900\" data-large_image_height = \"506\"  style=\"\"><img loading=\"lazy\" decoding=\"async\" class=\"preload-me lazy-load\" src=\"data:image\/svg+xml,%3Csvg%20xmlns%3D&#39;http%3A%2F%2Fwww.w3.org%2F2000%2Fsvg&#39;%20viewBox%3D&#39;0%200%20500%20500&#39;%2F%3E\" data-src=\"https:\/\/davidlopezabogado.com\/wp-content\/uploads\/2023\/03\/justicia-las-palmas-500x500.jpg\" data-srcset=\"https:\/\/davidlopezabogado.com\/wp-content\/uploads\/2023\/03\/justicia-las-palmas-500x500.jpg 500w, https:\/\/davidlopezabogado.com\/wp-content\/uploads\/2023\/03\/justicia-las-palmas-506x506.jpg 506w\" width=\"500\" height=\"500\"  data-dt-location=\"https:\/\/davidlopezabogado.com\/de\/1-creative\/justicia-las-palmas-2\/\" alt=\"\" \/><\/a><\/div><\/div><\/div>[\/vc_column][\/vc_row][vc_row full_width=&#8220;stretch_row&#8220; equal_height=&#8220;yes&#8220; bg_type=&#8220;image&#8220; parallax_style=&#8220;vcpb-default&#8220; bg_image_new=&#8220;id^57647|url^https:\/\/davidlopezabogado.com\/wp-content\/uploads\/2023\/02\/fondo.jpg|caption^null|alt^null|title^fondo|description^null&#8220; bg_image_repeat=&#8220;no-repeat&#8220; margin_top=&#8220;55&#8243; margin_bottom=&#8220;45&#8243; type=&#8220;vc_default&#8220; css=&#8220;.vc_custom_1676135787002{padding-top: 70px !important;padding-bottom: 30px !important;background-color: rgba(0,0,0,0.04) !important;*background-color: rgb(0,0,0) !important;}&#8220;][vc_column]<div id=\"ultimate-heading-466369e321f723db5\" class=\"uvc-heading ult-adjust-bottom-margin ultimate-heading-466369e321f723db5 uvc-9486 accent-border-color color-title\" data-hspacer=\"line_only\"  data-halign=\"center\" style=\"text-align:center\"><div class=\"uvc-main-heading ult-responsive\"  data-ultimate-target='.uvc-heading.ultimate-heading-466369e321f723db5 h2'  data-responsive-json-new='{\"font-size\":\"desktop:30px;\",\"line-height\":\"desktop:40px;\"}' ><h2 style=\"font-weight:bold;color:#ffffff;margin-bottom:10px;\">Bereiche, in denen wir Sie beraten k\u00f6nnen:<\/h2><\/div><div class=\"uvc-sub-heading ult-responsive\"  data-ultimate-target='.uvc-heading.ultimate-heading-466369e321f723db5 .uvc-sub-heading '  data-responsive-json-new='{\"font-size\":\"desktop:22px;\",\"line-height\":\"desktop:28px;\"}'  style=\"font-weight:bold;color:#ffffff;\">Zivilrecht, Schuldverh\u00e4ltnisse und Vertr\u00e4ge, Schadenersatz, Erbrecht und Testamente, Mietrecht, Kauf und Verkauf, Schadenersatz, Verkehrsunf\u00e4lle, Familienrecht, Scheidung und mehr.<\/div><div class=\"uvc-heading-spacer line_only\" style=\"margin-bottom:60px;height:3px;\"><span class=\"uvc-headings-line\" style=\"border-style:solid;border-bottom-width:3px;border-color:#ffffff;width:100px;\"><\/span><\/div><\/div>[\/vc_column][\/vc_row][vc_row css=&#8220;.vc_custom_1675550773902{padding-top: 60px !important;padding-bottom: 60px !important;}&#8220;][vc_column]<style type=\"text\/css\" data-type=\"the7_shortcodes-inline-css\">.dt-team-shortcode.team-masonry-shortcode-id-5c2100a7e8c7e6781e15e9f29dae1c2c .team-desc {\n  padding: 20px 20px 20px 20px;\n}\n.dt-team-shortcode.team-masonry-shortcode-id-5c2100a7e8c7e6781e15e9f29dae1c2c .team-author-name,\n.dt-team-shortcode.team-masonry-shortcode-id-5c2100a7e8c7e6781e15e9f29dae1c2c .team-author-name a {\n  margin-bottom: 0px;\n  font-weight: bold;\n}\n.dt-team-shortcode.team-masonry-shortcode-id-5c2100a7e8c7e6781e15e9f29dae1c2c .team-author p {\n  margin-bottom: 10px;\n  font-weight: bold;\n}\n.dt-team-shortcode.team-masonry-shortcode-id-5c2100a7e8c7e6781e15e9f29dae1c2c  .team-media {\n  padding: 0px 0px 0px 0px;\n}\n.dt-team-shortcode.team-masonry-shortcode-id-5c2100a7e8c7e6781e15e9f29dae1c2c .dt-css-grid .team-media img {\n  max-width: 100%;\n}\n.dt-team-shortcode.team-masonry-shortcode-id-5c2100a7e8c7e6781e15e9f29dae1c2c .team-content {\n  margin-bottom: 5px;\n}\n.dt-team-shortcode.team-masonry-shortcode-id-5c2100a7e8c7e6781e15e9f29dae1c2c  .team-media,\n.dt-team-shortcode.team-masonry-shortcode-id-5c2100a7e8c7e6781e15e9f29dae1c2c  .team-media a.rollover,\n.dt-team-shortcode.team-masonry-shortcode-id-5c2100a7e8c7e6781e15e9f29dae1c2c  .team-media a.rollover *,\n.dt-team-shortcode.team-masonry-shortcode-id-5c2100a7e8c7e6781e15e9f29dae1c2c  .team-media img {\n  border-radius: 0px;\n}\n.dt-team-shortcode.team-masonry-shortcode-id-5c2100a7e8c7e6781e15e9f29dae1c2c .soc-ico {\n  margin-bottom: 15px;\n}\n.dt-team-shortcode.team-masonry-shortcode-id-5c2100a7e8c7e6781e15e9f29dae1c2c .soc-ico a {\n  min-width: 26px;\n  min-height: 26px;\n  font-size: 16px;\n  border-radius: 100px;\n}\n.dt-team-shortcode.team-masonry-shortcode-id-5c2100a7e8c7e6781e15e9f29dae1c2c .soc-ico a:not(:last-child) {\n  margin-right: 4px;\n}\n.dt-team-shortcode.team-masonry-shortcode-id-5c2100a7e8c7e6781e15e9f29dae1c2c .soc-ico a:before,\n.dt-team-shortcode.team-masonry-shortcode-id-5c2100a7e8c7e6781e15e9f29dae1c2c .soc-ico a:after {\n  min-width: 26px;\n  min-height: 26px;\n  padding: inherit;\n}\n.dt-icon-border-on.dt-team-shortcode.team-masonry-shortcode-id-5c2100a7e8c7e6781e15e9f29dae1c2c .soc-ico a:before {\n  border: 0px solid transparent;\n}\n.dt-team-shortcode.team-masonry-shortcode-id-5c2100a7e8c7e6781e15e9f29dae1c2c .soc-ico a:hover {\n  font-size: 16px;\n}\n#page .dt-team-shortcode.team-masonry-shortcode-id-5c2100a7e8c7e6781e15e9f29dae1c2c .soc-ico a:hover .soc-font-icon {\n  color: rgba(255,255,255,0.75);\n  background: none;\n}\n.dt-icon-border-hover-on.dt-team-shortcode.team-masonry-shortcode-id-5c2100a7e8c7e6781e15e9f29dae1c2c .soc-ico a:after {\n  border: 0px solid transparent;\n}\n#page .dt-team-shortcode.team-masonry-shortcode-id-5c2100a7e8c7e6781e15e9f29dae1c2c .soc-ico a:not(:hover) .soc-font-icon {\n  color: #ffffff;\n  background: none;\n}\n.dt-team-shortcode.team-masonry-shortcode-id-5c2100a7e8c7e6781e15e9f29dae1c2c .soc-ico a .soc-font-icon {\n  font-size: 16px;\n}\n.dt-team-shortcode.team-masonry-shortcode-id-5c2100a7e8c7e6781e15e9f29dae1c2c .filter-bg-decoration .filter-categories a.act {\n  color: #fff;\n}\n.dt-team-shortcode.team-masonry-shortcode-id-5c2100a7e8c7e6781e15e9f29dae1c2c:not(.resize-by-browser-width) .dt-css-grid {\n  grid-row-gap: 30px;\n  grid-column-gap: 30px;\n  grid-template-columns: repeat(auto-fill,minmax(,1fr));\n}\n.cssgridlegacy.no-cssgrid .dt-team-shortcode.team-masonry-shortcode-id-5c2100a7e8c7e6781e15e9f29dae1c2c:not(.resize-by-browser-width) .dt-css-grid,\n.no-cssgridlegacy.no-cssgrid .dt-team-shortcode.team-masonry-shortcode-id-5c2100a7e8c7e6781e15e9f29dae1c2c:not(.resize-by-browser-width) .dt-css-grid {\n  display: flex;\n  flex-flow: row wrap;\n  margin: -15px;\n}\n.cssgridlegacy.no-cssgrid .dt-team-shortcode.team-masonry-shortcode-id-5c2100a7e8c7e6781e15e9f29dae1c2c:not(.resize-by-browser-width) .dt-css-grid .wf-cell,\n.no-cssgridlegacy.no-cssgrid .dt-team-shortcode.team-masonry-shortcode-id-5c2100a7e8c7e6781e15e9f29dae1c2c:not(.resize-by-browser-width) .dt-css-grid .wf-cell {\n  flex: 1 0 ;\n  max-width: 100%;\n  padding: 15px;\n  box-sizing: border-box;\n}\n.dt-team-shortcode.team-masonry-shortcode-id-5c2100a7e8c7e6781e15e9f29dae1c2c.resize-by-browser-width .dt-css-grid {\n  grid-template-columns: repeat(3,1fr);\n  grid-template-rows: auto;\n  grid-column-gap: 30px;\n  grid-row-gap: 30px;\n}\n.cssgridlegacy.no-cssgrid .dt-team-shortcode.team-masonry-shortcode-id-5c2100a7e8c7e6781e15e9f29dae1c2c.resize-by-browser-width .dt-css-grid,\n.no-cssgridlegacy.no-cssgrid .dt-team-shortcode.team-masonry-shortcode-id-5c2100a7e8c7e6781e15e9f29dae1c2c.resize-by-browser-width .dt-css-grid {\n  margin: -15px;\n}\n.cssgridlegacy.no-cssgrid .dt-team-shortcode.team-masonry-shortcode-id-5c2100a7e8c7e6781e15e9f29dae1c2c.resize-by-browser-width .dt-css-grid .wf-cell,\n.no-cssgridlegacy.no-cssgrid .dt-team-shortcode.team-masonry-shortcode-id-5c2100a7e8c7e6781e15e9f29dae1c2c.resize-by-browser-width .dt-css-grid .wf-cell {\n  width: 33.333333333333%;\n  padding: 15px;\n}\n@media screen and (max-width: 1199px) {\n  .dt-team-shortcode.team-masonry-shortcode-id-5c2100a7e8c7e6781e15e9f29dae1c2c.resize-by-browser-width .dt-css-grid {\n    grid-template-columns: repeat(3,1fr);\n  }\n  .cssgridlegacy.no-cssgrid .dt-team-shortcode.team-masonry-shortcode-id-5c2100a7e8c7e6781e15e9f29dae1c2c.resize-by-browser-width .dt-css-grid .wf-cell,\n  .no-cssgridlegacy.no-cssgrid .dt-team-shortcode.team-masonry-shortcode-id-5c2100a7e8c7e6781e15e9f29dae1c2c.resize-by-browser-width .dt-css-grid .wf-cell {\n    width: 33.333333333333%;\n  }\n}\n@media screen and (max-width: 991px) {\n  .dt-team-shortcode.team-masonry-shortcode-id-5c2100a7e8c7e6781e15e9f29dae1c2c.resize-by-browser-width .dt-css-grid {\n    grid-template-columns: repeat(2,1fr);\n  }\n  .cssgridlegacy.no-cssgrid .dt-team-shortcode.team-masonry-shortcode-id-5c2100a7e8c7e6781e15e9f29dae1c2c.resize-by-browser-width .dt-css-grid .wf-cell,\n  .no-cssgridlegacy.no-cssgrid .dt-team-shortcode.team-masonry-shortcode-id-5c2100a7e8c7e6781e15e9f29dae1c2c.resize-by-browser-width .dt-css-grid .wf-cell {\n    width: 50%;\n  }\n}\n@media screen and (max-width: 767px) {\n  .dt-team-shortcode.team-masonry-shortcode-id-5c2100a7e8c7e6781e15e9f29dae1c2c.resize-by-browser-width .dt-css-grid {\n    grid-template-columns: repeat(1,1fr);\n  }\n  .cssgridlegacy.no-cssgrid .dt-team-shortcode.team-masonry-shortcode-id-5c2100a7e8c7e6781e15e9f29dae1c2c.resize-by-browser-width .dt-css-grid .wf-cell,\n  .no-cssgridlegacy.no-cssgrid .dt-team-shortcode.team-masonry-shortcode-id-5c2100a7e8c7e6781e15e9f29dae1c2c.resize-by-browser-width .dt-css-grid .wf-cell {\n    width: 100%;\n  }\n}\n<\/style><div class=\"dt-team-masonry-shortcode dt-team-shortcode team-masonry-shortcode-id-5c2100a7e8c7e6781e15e9f29dae1c2c loading-effect-none mode-grid jquery-filter content-align-center content-bg-on dt-css-grid-wrap scale-img dt-css-grid-wrap dt-icon-bg-on dt-icon-border-on dt-icon-hover-bg-on dt-icon-border-hover-on move-icons-under-position resize-by-browser-width  \" data-padding=\"15px\" data-cur-page=\"1\" data-post-limit=\"-1\" data-pagination-mode=\"none\" data-desktop-columns-num=\"3\" data-v-tablet-columns-num=\"2\" data-h-tablet-columns-num=\"3\" data-phone-columns-num=\"1\" data-width=\"0px\" data-columns=\"0\"><div class=\"dt-css-grid\" ><div class=\"visible wf-cell\" data-post-id=\"57867\" data-date=\"2018-01-25T15:25:51+00:00\" data-name=\"Cristina L\u00f3pez Carmona\"><div class=\"team-container visible post post-57867 dt_team type-dt_team status-publish has-post-thumbnail hentry\"><div class=\"team-media\"><a href=\"https:\/\/davidlopezabogado.com\/de\/dt_team\/cristina-lopez-carmona\/\" class=\"rollover layzr-bg\"><img loading=\"lazy\" decoding=\"async\" class=\"preload-me iso-lazy-load\" src=\"data:image\/svg+xml,%3Csvg%20xmlns%3D&#39;http%3A%2F%2Fwww.w3.org%2F2000%2Fsvg&#39;%20viewBox%3D&#39;0%200%20800%20800&#39;%2F%3E\" data-src=\"https:\/\/davidlopezabogado.com\/wp-content\/uploads\/2018\/01\/cristina2.jpg\" data-srcset=\"https:\/\/davidlopezabogado.com\/wp-content\/uploads\/2018\/01\/cristina2.jpg 800w\" width=\"800\" height=\"800\"  title=\"CRISTINA\" alt=\"Cristina\" \/><\/a><\/div><div class=\"team-desc\"><div class=\"team-author\"><div class=\"team-author-name\"><a href=\"https:\/\/davidlopezabogado.com\/de\/dt_team\/cristina-lopez-carmona\/\">Cristina L\u00f3pez Carmona<\/a><\/div><p>Spezialist f\u00fcr Zivilrecht<\/p><\/div><div class=\"team-content\"><p style=\"text-align: justify;\">Frau Cristina L\u00f3pez Carmona. Cristina L\u00f3pez Carmona ist eine Mitarbeiterin der Kanzlei.<br \/>\nSie verf\u00fcgt \u00fcber drei\u00dfig Jahre Berufserfahrung als Rechtsanw\u00e4ltin. Ihr Spezialgebiet ist das Zivilrecht. Sie kann auch in englischer Sprache beraten.<\/p>\n<\/div>\n<a href=\"https:\/\/davidlopezabogado.com\/de\/dt_team\/cristina-lopez-carmona\/\" class=\"post-details details-type-link\" aria-label=\"Read more about Cristina L\u00f3pez Carmona\">Details anzeigen<i class=\"dt-icon-the7-arrow-03\" aria-hidden=\"true\"><\/i><\/a>\n<\/div><\/div><\/div><div class=\"visible wf-cell\" data-post-id=\"57870\" data-date=\"2018-01-25T15:24:09+00:00\" data-name=\"Sebasti\u00e1n P\u00e9rez Hern\u00e1ndez\"><div class=\"team-container visible post post-57870 dt_team type-dt_team status-publish has-post-thumbnail hentry\"><div class=\"team-media\"><a href=\"https:\/\/davidlopezabogado.com\/de\/dt_team\/sebastian-perez-hernandez\/\" class=\"rollover layzr-bg\"><img loading=\"lazy\" decoding=\"async\" class=\"preload-me iso-lazy-load\" src=\"data:image\/svg+xml,%3Csvg%20xmlns%3D&#39;http%3A%2F%2Fwww.w3.org%2F2000%2Fsvg&#39;%20viewBox%3D&#39;0%200%20800%20800&#39;%2F%3E\" data-src=\"https:\/\/davidlopezabogado.com\/wp-content\/uploads\/2018\/01\/SEBASTIAN.jpg\" data-srcset=\"https:\/\/davidlopezabogado.com\/wp-content\/uploads\/2018\/01\/SEBASTIAN.jpg 800w\" width=\"800\" height=\"800\"  title=\"SEBASTIAN\" alt=\"\" \/><\/a><\/div><div class=\"team-desc\"><div class=\"team-author\"><div class=\"team-author-name\"><a href=\"https:\/\/davidlopezabogado.com\/de\/dt_team\/sebastian-perez-hernandez\/\">Sebasti\u00e1n P\u00e9rez Hern\u00e1ndez<\/a><\/div><p>Direktor der Abteilung Strafrecht<\/p><\/div><div class=\"team-content\"><p style=\"text-align: justify;\">Sebasti\u00e1n P\u00e9rez Hern\u00e1ndez ist Leiter der strafrechtlichen Abteilung von DAVID L\u00d3PEZ ABOGADOS mit mehr als achtundzwanzig Jahren Berufserfahrung in der Rechtspraxis, seit 1994.<br \/>\nD. Sebasti\u00e1n verf\u00fcgt \u00fcber mehr als achtundzwanzig Jahre Berufserfahrung in der Rechtspraxis.<\/p>\n<\/div>\n<a href=\"https:\/\/davidlopezabogado.com\/de\/dt_team\/sebastian-perez-hernandez\/\" class=\"post-details details-type-link\" aria-label=\"Read more about Sebasti\u00e1n P\u00e9rez Hern\u00e1ndez\">Details anzeigen<i class=\"dt-icon-the7-arrow-03\" aria-hidden=\"true\"><\/i><\/a>\n<\/div><\/div><\/div><div class=\"visible wf-cell\" data-post-id=\"57874\" data-date=\"2018-01-25T15:23:37+00:00\" data-name=\"David L\u00f3pez Carmona\"><div class=\"team-container visible post post-57874 dt_team type-dt_team status-publish has-post-thumbnail hentry\"><div class=\"team-media\"><a href=\"https:\/\/davidlopezabogado.com\/de\/dt_team\/david-lopez\/\" class=\"rollover layzr-bg\"><img loading=\"lazy\" decoding=\"async\" class=\"preload-me iso-lazy-load\" src=\"data:image\/svg+xml,%3Csvg%20xmlns%3D&#39;http%3A%2F%2Fwww.w3.org%2F2000%2Fsvg&#39;%20viewBox%3D&#39;0%200%20800%20800&#39;%2F%3E\" data-src=\"https:\/\/davidlopezabogado.com\/wp-content\/uploads\/2018\/01\/DAVID.jpg\" data-srcset=\"https:\/\/davidlopezabogado.com\/wp-content\/uploads\/2018\/01\/DAVID.jpg 800w\" width=\"800\" height=\"800\"  title=\"DAVID\" alt=\"\" \/><\/a><\/div><div class=\"team-desc\"><div class=\"team-author\"><div class=\"team-author-name\"><a href=\"https:\/\/davidlopezabogado.com\/de\/dt_team\/david-lopez\/\">David L\u00f3pez Carmona<\/a><\/div><p>Zivilrecht und Handelsrecht<\/p><\/div><div class=\"team-content\"><p style=\"text-align: justify;\">Herr J. David L\u00f3pez Carmona. Drei\u00dfig Jahre Berufserfahrung als Rechtsanwalt. Spezialist f\u00fcr Zivil- und Handelsrecht und Insolvenzverwalter. Er kann auch auf Englisch und Deutsch beraten.<\/p>\n<\/div>\n<a href=\"https:\/\/davidlopezabogado.com\/de\/dt_team\/david-lopez\/\" class=\"post-details details-type-link\" aria-label=\"Read more about David L\u00f3pez Carmona\">Details anzeigen<i class=\"dt-icon-the7-arrow-03\" aria-hidden=\"true\"><\/i><\/a>\n<\/div><\/div><\/div><\/div><!-- iso-container|iso-grid --><\/div>[\/vc_column][\/vc_row][vc_row][vc_column]\n<div id=\"interactive-banner-1-wrap-9945\" class=\"ult-banner-block ult-adjust-bottom-margin ult-bb-none  banner-style01 \"   style=\"\">\n\t<div class=\"mask opaque-background\" style=\"background:#242424;\">\n\t\t<div  data-ultimate-target='#interactive-banner-1-wrap-9945 .bb-description'  data-responsive-json-new='{\"font-size\":\"\",\"line-height\":\"\"}'  class=\"bb-description ult-responsive\" style=\"font-weight:normal;color:#ffffff;\"><\/div>\n\t<\/div>\n<\/div>[\/vc_column][\/vc_row]<\/p>\n<\/section>","protected":false},"excerpt":{"rendered":"<p>[vc_row equal_height=&#8220;yes&#8220; content_placement=&#8220;top&#8220; type=&#8220;vc_default&#8220; css=&#8220;.vc_custom_1573122585843{padding-top: 70px !important;padding-bottom: 20px !important;}&#8220;][vc_column][\/vc_column][vc_column width=&#8220;2\/3&#8243; offset=&#8220;vc_col-lg-offset-0 vc_col-lg-6 vc_col-md-offset-0 vc_col-md-6 vc_col-sm-offset-2 vc_col-xs-12&#8243; css=&#8220;.vc_custom_1573122573221{padding-bottom: 50px !important;}&#8220;][\/vc_column][vc_column width=&#8220;2\/3&#8243; offset=&#8220;vc_col-lg-offset-0 vc_col-lg-6 vc_col-md-offset-0 vc_col-md-6 vc_col-sm-offset-2 vc_col-xs-12&#8243; css=&#8220;.vc_custom_1573122577898{padding-bottom: 50px !important;}&#8220;][\/vc_column][\/vc_row][vc_row full_width=&#8220;stretch_row&#8220; equal_height=&#8220;yes&#8220; bg_type=&#8220;image&#8220; parallax_style=&#8220;vcpb-default&#8220; bg_image_new=&#8220;id^57647|url^https:\/\/davidlopezabogado.com\/wp-content\/uploads\/2023\/02\/fondo.jpg|caption^null|alt^null|title^fondo|description^null&#8220; bg_image_repeat=&#8220;no-repeat&#8220; margin_top=&#8220;55&#8243; margin_bottom=&#8220;45&#8243; type=&#8220;vc_default&#8220; css=&#8220;.vc_custom_1676135787002{padding-top: 70px !important;padding-bottom: 30px !important;background-color: rgba(0,0,0,0.04) !important;*background-color: rgb(0,0,0) !important;}&#8220;][vc_column][\/vc_column][\/vc_row][vc_row css=&#8220;.vc_custom_1675550773902{padding-top: 60px !important;padding-bottom: 60px !important;}&#8220;][vc_column][\/vc_column][\/vc_row][vc_row][vc_column][\/vc_column][\/vc_row]<\/p>\n","protected":false},"author":1,"featured_media":0,"parent":0,"menu_order":1,"comment_status":"closed","ping_status":"closed","template":"","meta":{"footnotes":""},"class_list":["post-57826","page","type-page","status-publish","hentry","description-off"],"aioseo_notices":[],"_links":{"self":[{"href":"https:\/\/davidlopezabogado.com\/de\/wp-json\/wp\/v2\/pages\/57826","targetHints":{"allow":["GET"]}}],"collection":[{"href":"https:\/\/davidlopezabogado.com\/de\/wp-json\/wp\/v2\/pages"}],"about":[{"href":"https:\/\/davidlopezabogado.com\/de\/wp-json\/wp\/v2\/types\/page"}],"author":[{"embeddable":true,"href":"https:\/\/davidlopezabogado.com\/de\/wp-json\/wp\/v2\/users\/1"}],"replies":[{"embeddable":true,"href":"https:\/\/davidlopezabogado.com\/de\/wp-json\/wp\/v2\/comments?post=57826"}],"version-history":[{"count":11,"href":"https:\/\/davidlopezabogado.com\/de\/wp-json\/wp\/v2\/pages\/57826\/revisions"}],"predecessor-version":[{"id":58516,"href":"https:\/\/davidlopezabogado.com\/de\/wp-json\/wp\/v2\/pages\/57826\/revisions\/58516"}],"wp:attachment":[{"href":"https:\/\/davidlopezabogado.com\/de\/wp-json\/wp\/v2\/media?parent=57826"}],"curies":[{"name":"wp","href":"https:\/\/api.w.org\/{rel}","templated":true}]}}